{"id":26280,"date":"2025-12-16T08:39:46","date_gmt":"2025-12-16T13:39:46","guid":{"rendered":"https:\/\/tiendaflex.ec\/?post_type=product&#038;p=26280"},"modified":"2025-12-16T08:39:47","modified_gmt":"2025-12-16T13:39:47","slug":"p8k-qled-tv-85","status":"publish","type":"product","link":"https:\/\/tiendaflex.ec\/en\/product\/p8k-qled-tv-85\/","title":{"rendered":"P8K QLED TV 85&#8243;"},"content":{"rendered":"","protected":false},"excerpt":{"rendered":"<p>La serie TCL P8K ofrece calidad QLED de \u00faltima generaci\u00f3n con colores vibrantes, brillo mejorado y sonido envolvente gracias a su sistema ONKYO con Dolby Atmos. Dise\u00f1ado para ofrecer una experiencia cinematogr\u00e1fica, su panel QLED y su procesador AIPQ Pro optimizan cada escena en tiempo real.<\/p>\n<p>Caracter\u00edsticas principales:<br \/>\n\u2714\ufe0f Panel QLED 4K UHD<br \/>\n\u2714\ufe0f Dolby Vision + Dolby Atmos<br \/>\n\u2714\ufe0f Sonido ONKYO 2.1<br \/>\n\u2714\ufe0f Procesador AIPQ Pro<br \/>\n\u2714\ufe0f Frecuencia hasta 144 Hz \/ DLG 288 Hz<br \/>\n\u2714\ufe0f Google TV + Chromecast integrado<br \/>\n\u2714\ufe0f WiFi, Bluetooth, HDMI 2.1<\/p>\n<p>\ud83d\udcde Cont\u00e1ctanos: +593984123231<\/p>","protected":false},"featured_media":26283,"comment_status":"open","ping_status":"closed","template":"","meta":{"_acf_changed":false},"product_brand":[766],"product_cat":[549,601],"product_tag":[],"class_list":{"0":"post-26280","1":"product","2":"type-product","3":"status-publish","4":"has-post-thumbnail","6":"product_brand-tcl","7":"product_cat-electrodomesticos","8":"product_cat-televisores","10":"first","11":"instock","12":"sale","13":"taxable","14":"shipping-taxable","15":"purchasable","16":"product-type-simple"},"acf":[],"_links":{"self":[{"href":"https:\/\/tiendaflex.ec\/en\/wp-json\/wp\/v2\/product\/26280","targetHints":{"allow":["GET"]}}],"collection":[{"href":"https:\/\/tiendaflex.ec\/en\/wp-json\/wp\/v2\/product"}],"about":[{"href":"https:\/\/tiendaflex.ec\/en\/wp-json\/wp\/v2\/types\/product"}],"replies":[{"embeddable":true,"href":"https:\/\/tiendaflex.ec\/en\/wp-json\/wp\/v2\/comments?post=26280"}],"version-history":[{"count":1,"href":"https:\/\/tiendaflex.ec\/en\/wp-json\/wp\/v2\/product\/26280\/revisions"}],"predecessor-version":[{"id":26282,"href":"https:\/\/tiendaflex.ec\/en\/wp-json\/wp\/v2\/product\/26280\/revisions\/26282"}],"wp:featuredmedia":[{"embeddable":true,"href":"https:\/\/tiendaflex.ec\/en\/wp-json\/wp\/v2\/media\/26283"}],"wp:attachment":[{"href":"https:\/\/tiendaflex.ec\/en\/wp-json\/wp\/v2\/media?parent=26280"}],"wp:term":[{"taxonomy":"product_brand","embeddable":true,"href":"https:\/\/tiendaflex.ec\/en\/wp-json\/wp\/v2\/product_brand?post=26280"},{"taxonomy":"product_cat","embeddable":true,"href":"https:\/\/tiendaflex.ec\/en\/wp-json\/wp\/v2\/product_cat?post=26280"},{"taxonomy":"product_tag","embeddable":true,"href":"https:\/\/tiendaflex.ec\/en\/wp-json\/wp\/v2\/product_tag?post=26280"}],"curies":[{"name":"wp","href":"https:\/\/api.w.org\/{rel}","templated":true}]}}