{"id":26268,"date":"2025-12-16T08:21:44","date_gmt":"2025-12-16T13:21:44","guid":{"rendered":"https:\/\/tiendaflex.ec\/?post_type=product&#038;p=26268"},"modified":"2025-12-16T08:21:45","modified_gmt":"2025-12-16T13:21:45","slug":"p6k-4k-hdr-tv","status":"publish","type":"product","link":"https:\/\/tiendaflex.ec\/en\/product\/p6k-4k-hdr-tv\/","title":{"rendered":"P6K 4K HDR TV"},"content":{"rendered":"","protected":false},"excerpt":{"rendered":"<p>La serie TCL P6K ofrece gran relaci\u00f3n calidad\/precio con resoluci\u00f3n 4K, panel HVA y el procesador AIPQ para optimizar colores, brillo y nitidez autom\u00e1ticamente. Su rendimiento con MEMC mejora la fluidez en contenido deportivo y de acci\u00f3n.<\/p>\n<p>Caracter\u00edsticas principales:<br \/>\n\u2714\ufe0f Resoluci\u00f3n 4K UHD<br \/>\n\u2714\ufe0f HDR10 + HLG<br \/>\n\u2714\ufe0f Panel HVA con mejor contraste<br \/>\n\u2714\ufe0f Dynamic Color Enhancement<br \/>\n\u2714\ufe0f MEMC + DLG 120 Hz<br \/>\n\u2714\ufe0f Dolby Audio<br \/>\n\u2714\ufe0f Google TV + WiFi + Bluetooth<\/p>\n<p>\ud83d\udcde Cont\u00e1ctanos: +593984123231<\/p>","protected":false},"featured_media":26265,"comment_status":"open","ping_status":"closed","template":"","meta":{"_acf_changed":false},"product_brand":[766],"product_cat":[549,601],"product_tag":[],"class_list":{"0":"post-26268","1":"product","2":"type-product","3":"status-publish","4":"has-post-thumbnail","6":"product_brand-tcl","7":"product_cat-electrodomesticos","8":"product_cat-televisores","10":"first","11":"instock","12":"sale","13":"taxable","14":"shipping-taxable","15":"purchasable","16":"product-type-variable"},"acf":[],"_links":{"self":[{"href":"https:\/\/tiendaflex.ec\/en\/wp-json\/wp\/v2\/product\/26268","targetHints":{"allow":["GET"]}}],"collection":[{"href":"https:\/\/tiendaflex.ec\/en\/wp-json\/wp\/v2\/product"}],"about":[{"href":"https:\/\/tiendaflex.ec\/en\/wp-json\/wp\/v2\/types\/product"}],"replies":[{"embeddable":true,"href":"https:\/\/tiendaflex.ec\/en\/wp-json\/wp\/v2\/comments?post=26268"}],"version-history":[{"count":1,"href":"https:\/\/tiendaflex.ec\/en\/wp-json\/wp\/v2\/product\/26268\/revisions"}],"predecessor-version":[{"id":26272,"href":"https:\/\/tiendaflex.ec\/en\/wp-json\/wp\/v2\/product\/26268\/revisions\/26272"}],"wp:featuredmedia":[{"embeddable":true,"href":"https:\/\/tiendaflex.ec\/en\/wp-json\/wp\/v2\/media\/26265"}],"wp:attachment":[{"href":"https:\/\/tiendaflex.ec\/en\/wp-json\/wp\/v2\/media?parent=26268"}],"wp:term":[{"taxonomy":"product_brand","embeddable":true,"href":"https:\/\/tiendaflex.ec\/en\/wp-json\/wp\/v2\/product_brand?post=26268"},{"taxonomy":"product_cat","embeddable":true,"href":"https:\/\/tiendaflex.ec\/en\/wp-json\/wp\/v2\/product_cat?post=26268"},{"taxonomy":"product_tag","embeddable":true,"href":"https:\/\/tiendaflex.ec\/en\/wp-json\/wp\/v2\/product_tag?post=26268"}],"curies":[{"name":"wp","href":"https:\/\/api.w.org\/{rel}","templated":true}]}}