{"id":26219,"date":"2025-12-15T11:45:21","date_gmt":"2025-12-15T16:45:21","guid":{"rendered":"https:\/\/tiendaflex.ec\/?post_type=product&#038;p=26219"},"modified":"2025-12-15T11:45:21","modified_gmt":"2025-12-15T16:45:21","slug":"refrigeradora-tm-hamilton-hb-r-217l","status":"publish","type":"product","link":"https:\/\/tiendaflex.ec\/en\/product\/refrigeradora-tm-hamilton-hb-r-217l\/","title":{"rendered":"Refrigeradora TM HAMILTON HB-R-217L"},"content":{"rendered":"","protected":false},"excerpt":{"rendered":"<p>M\u00e1s capacidad con un dise\u00f1o cl\u00e1sico y funcional para uso diario.<\/p>\n<p>Caracter\u00edsticas:<br \/>\n\u2714\ufe0f 217 litros de capacidad<br \/>\n\u2714\ufe0f Congelador superior<br \/>\n\u2714\ufe0f Bandejas de vidrio<br \/>\n\u2714\ufe0f Caj\u00f3n para frutas y verduras<br \/>\n\u2714\ufe0f Bajo consumo energ\u00e9tico<\/p>\n<p>\ud83d\udcde +593984123231<\/p>","protected":false},"featured_media":26220,"comment_status":"open","ping_status":"closed","template":"","meta":{"_acf_changed":false},"product_brand":[756],"product_cat":[549,573],"product_tag":[],"class_list":{"0":"post-26219","1":"product","2":"type-product","3":"status-publish","4":"has-post-thumbnail","6":"product_brand-hamilton-beach","7":"product_cat-electrodomesticos","8":"product_cat-refrigeracion","10":"first","11":"instock","12":"sale","13":"taxable","14":"shipping-taxable","15":"purchasable","16":"product-type-simple"},"acf":[],"_links":{"self":[{"href":"https:\/\/tiendaflex.ec\/en\/wp-json\/wp\/v2\/product\/26219","targetHints":{"allow":["GET"]}}],"collection":[{"href":"https:\/\/tiendaflex.ec\/en\/wp-json\/wp\/v2\/product"}],"about":[{"href":"https:\/\/tiendaflex.ec\/en\/wp-json\/wp\/v2\/types\/product"}],"replies":[{"embeddable":true,"href":"https:\/\/tiendaflex.ec\/en\/wp-json\/wp\/v2\/comments?post=26219"}],"version-history":[{"count":2,"href":"https:\/\/tiendaflex.ec\/en\/wp-json\/wp\/v2\/product\/26219\/revisions"}],"predecessor-version":[{"id":26222,"href":"https:\/\/tiendaflex.ec\/en\/wp-json\/wp\/v2\/product\/26219\/revisions\/26222"}],"wp:featuredmedia":[{"embeddable":true,"href":"https:\/\/tiendaflex.ec\/en\/wp-json\/wp\/v2\/media\/26220"}],"wp:attachment":[{"href":"https:\/\/tiendaflex.ec\/en\/wp-json\/wp\/v2\/media?parent=26219"}],"wp:term":[{"taxonomy":"product_brand","embeddable":true,"href":"https:\/\/tiendaflex.ec\/en\/wp-json\/wp\/v2\/product_brand?post=26219"},{"taxonomy":"product_cat","embeddable":true,"href":"https:\/\/tiendaflex.ec\/en\/wp-json\/wp\/v2\/product_cat?post=26219"},{"taxonomy":"product_tag","embeddable":true,"href":"https:\/\/tiendaflex.ec\/en\/wp-json\/wp\/v2\/product_tag?post=26219"}],"curies":[{"name":"wp","href":"https:\/\/api.w.org\/{rel}","templated":true}]}}