{"id":26198,"date":"2025-12-15T11:23:36","date_gmt":"2025-12-15T16:23:36","guid":{"rendered":"https:\/\/tiendaflex.ec\/?post_type=product&#038;p=26198"},"modified":"2025-12-15T11:23:36","modified_gmt":"2025-12-15T16:23:36","slug":"congelador-horizontal-hb-c-708l","status":"publish","type":"product","link":"https:\/\/tiendaflex.ec\/en\/product\/congelador-horizontal-hb-c-708l\/","title":{"rendered":"Congelador Horizontal HB-C-708L"},"content":{"rendered":"","protected":false},"excerpt":{"rendered":"<p>El congelador m\u00e1s grande de la l\u00ednea: m\u00e1xima capacidad y rendimiento.<\/p>\n<p>Caracter\u00edsticas:<br \/>\n\u2714\ufe0f Capacidad 708 L<br \/>\n\u2714\ufe0f Tapa superior s\u00f3lida<br \/>\n\u2714\ufe0f Control de temperatura<br \/>\n\u2714\ufe0f Cestas internas<br \/>\n\u2714\ufe0f Ultra silencioso<\/p>\n<p>\ud83d\udcde +593984123231<\/p>","protected":false},"featured_media":26199,"comment_status":"open","ping_status":"closed","template":"","meta":{"_acf_changed":false},"product_brand":[756],"product_cat":[549,573],"product_tag":[],"class_list":{"0":"post-26198","1":"product","2":"type-product","3":"status-publish","4":"has-post-thumbnail","6":"product_brand-hamilton-beach","7":"product_cat-electrodomesticos","8":"product_cat-refrigeracion","10":"first","11":"instock","12":"sale","13":"taxable","14":"shipping-taxable","15":"purchasable","16":"product-type-simple"},"acf":[],"_links":{"self":[{"href":"https:\/\/tiendaflex.ec\/en\/wp-json\/wp\/v2\/product\/26198","targetHints":{"allow":["GET"]}}],"collection":[{"href":"https:\/\/tiendaflex.ec\/en\/wp-json\/wp\/v2\/product"}],"about":[{"href":"https:\/\/tiendaflex.ec\/en\/wp-json\/wp\/v2\/types\/product"}],"replies":[{"embeddable":true,"href":"https:\/\/tiendaflex.ec\/en\/wp-json\/wp\/v2\/comments?post=26198"}],"version-history":[{"count":2,"href":"https:\/\/tiendaflex.ec\/en\/wp-json\/wp\/v2\/product\/26198\/revisions"}],"predecessor-version":[{"id":26201,"href":"https:\/\/tiendaflex.ec\/en\/wp-json\/wp\/v2\/product\/26198\/revisions\/26201"}],"wp:featuredmedia":[{"embeddable":true,"href":"https:\/\/tiendaflex.ec\/en\/wp-json\/wp\/v2\/media\/26199"}],"wp:attachment":[{"href":"https:\/\/tiendaflex.ec\/en\/wp-json\/wp\/v2\/media?parent=26198"}],"wp:term":[{"taxonomy":"product_brand","embeddable":true,"href":"https:\/\/tiendaflex.ec\/en\/wp-json\/wp\/v2\/product_brand?post=26198"},{"taxonomy":"product_cat","embeddable":true,"href":"https:\/\/tiendaflex.ec\/en\/wp-json\/wp\/v2\/product_cat?post=26198"},{"taxonomy":"product_tag","embeddable":true,"href":"https:\/\/tiendaflex.ec\/en\/wp-json\/wp\/v2\/product_tag?post=26198"}],"curies":[{"name":"wp","href":"https:\/\/api.w.org\/{rel}","templated":true}]}}