{"id":26118,"date":"2025-12-11T18:33:58","date_gmt":"2025-12-11T23:33:58","guid":{"rendered":"https:\/\/tiendaflex.ec\/?post_type=product&#038;p=26118"},"modified":"2025-12-11T18:33:58","modified_gmt":"2025-12-11T23:33:58","slug":"air-fryer-hamilton-beach-11lt-modelo-35070","status":"publish","type":"product","link":"https:\/\/tiendaflex.ec\/en\/product\/air-fryer-hamilton-beach-11lt-modelo-35070\/","title":{"rendered":"AIR FRYER HAMILTON BEACH 11lt MODELO 35070"},"content":{"rendered":"","protected":false},"excerpt":{"rendered":"<p>Disfruta una cocci\u00f3n m\u00e1s pr\u00e1ctica con la Air Fryer Hamilton Beach 11 litros, un equipo multifuncional ideal para fre\u00edr con aire, hornear, asar y deshidratar. Su capacidad amplia y sus accesorios incluidos permiten preparar varias recetas a la vez con total comodidad.<\/p>\n<p>Caracter\u00edsticas principales:<br \/>\n\u2714\ufe0f Capacidad de 11 litros<br \/>\n\u2714\ufe0f Funciones: horno, asador y deshidratador<br \/>\n\u2714\ufe0f Incluye 3 estantes de malla, bandeja multiusos y canasta para asar<br \/>\n\u2714\ufe0f Cuerpo compacto y pr\u00e1ctico para cocina del hogar<br \/>\n\u2714\ufe0f F\u00e1cil de limpiar<\/p>\n<p>\ud83d\udccf Dimensiones est\u00e1ndar seg\u00fan cat\u00e1logo:<br \/>\n\u2022 Ancho: 32.36 cm<br \/>\n\u2022 Alto: 39.11 cm<br \/>\n\u2022 Largo: 34.36 cm<br \/>\n\u2022 Peso: 6.9 kg<\/p>\n<p>\ud83d\udcde Cont\u00e1ctanos: +593984123231<\/p>","protected":false},"featured_media":26119,"comment_status":"open","ping_status":"closed","template":"","meta":{"_acf_changed":false},"product_brand":[756],"product_cat":[549,594,560],"product_tag":[],"class_list":{"0":"post-26118","1":"product","2":"type-product","3":"status-publish","4":"has-post-thumbnail","6":"product_brand-hamilton-beach","7":"product_cat-electrodomesticos","8":"product_cat-electromenores","9":"product_cat-freidoras-de-aire","11":"first","12":"instock","13":"sale","14":"taxable","15":"shipping-taxable","16":"purchasable","17":"product-type-simple"},"acf":[],"_links":{"self":[{"href":"https:\/\/tiendaflex.ec\/en\/wp-json\/wp\/v2\/product\/26118","targetHints":{"allow":["GET"]}}],"collection":[{"href":"https:\/\/tiendaflex.ec\/en\/wp-json\/wp\/v2\/product"}],"about":[{"href":"https:\/\/tiendaflex.ec\/en\/wp-json\/wp\/v2\/types\/product"}],"replies":[{"embeddable":true,"href":"https:\/\/tiendaflex.ec\/en\/wp-json\/wp\/v2\/comments?post=26118"}],"version-history":[{"count":2,"href":"https:\/\/tiendaflex.ec\/en\/wp-json\/wp\/v2\/product\/26118\/revisions"}],"predecessor-version":[{"id":26121,"href":"https:\/\/tiendaflex.ec\/en\/wp-json\/wp\/v2\/product\/26118\/revisions\/26121"}],"wp:featuredmedia":[{"embeddable":true,"href":"https:\/\/tiendaflex.ec\/en\/wp-json\/wp\/v2\/media\/26119"}],"wp:attachment":[{"href":"https:\/\/tiendaflex.ec\/en\/wp-json\/wp\/v2\/media?parent=26118"}],"wp:term":[{"taxonomy":"product_brand","embeddable":true,"href":"https:\/\/tiendaflex.ec\/en\/wp-json\/wp\/v2\/product_brand?post=26118"},{"taxonomy":"product_cat","embeddable":true,"href":"https:\/\/tiendaflex.ec\/en\/wp-json\/wp\/v2\/product_cat?post=26118"},{"taxonomy":"product_tag","embeddable":true,"href":"https:\/\/tiendaflex.ec\/en\/wp-json\/wp\/v2\/product_tag?post=26118"}],"curies":[{"name":"wp","href":"https:\/\/api.w.org\/{rel}","templated":true}]}}