{"id":26013,"date":"2025-12-10T09:56:53","date_gmt":"2025-12-10T14:56:53","guid":{"rendered":"https:\/\/tiendaflex.ec\/?post_type=product&#038;p=26013"},"modified":"2025-12-10T09:56:53","modified_gmt":"2025-12-10T14:56:53","slug":"licuadora-hamilton-beach-blanco-mod-54224-mx","status":"publish","type":"product","link":"https:\/\/tiendaflex.ec\/en\/product\/licuadora-hamilton-beach-blanco-mod-54224-mx\/","title":{"rendered":"LICUADORA HAMILTON BEACH BLANCO MOD 54224-MX"},"content":{"rendered":"","protected":false},"excerpt":{"rendered":"<p>Licuadora pr\u00e1ctica, resistente y f\u00e1cil de usar. Perfecta para batidos, jugos, salsas y mezclas del d\u00eda a d\u00eda.<\/p>\n<p>Caracter\u00edsticas principales:<br \/>\n\u2714\ufe0f Dise\u00f1o blanco moderno<br \/>\n\u2714\ufe0f Ideal para batidos y jugos<br \/>\n\u2714\ufe0f Operaci\u00f3n sencilla<br \/>\n\u2714\ufe0f Vaso resistente<br \/>\n\u2714\ufe0f F\u00e1cil limpieza<\/p>\n<p>\ud83d\udcde Cont\u00e1ctanos: +593984123231<\/p>","protected":false},"featured_media":26014,"comment_status":"open","ping_status":"closed","template":"","meta":{"_acf_changed":false},"product_brand":[756],"product_cat":[549,594,762],"product_tag":[],"class_list":{"0":"post-26013","1":"product","2":"type-product","3":"status-publish","4":"has-post-thumbnail","6":"product_brand-hamilton-beach","7":"product_cat-electrodomesticos","8":"product_cat-electromenores","9":"product_cat-licuadoras","11":"first","12":"instock","13":"sale","14":"taxable","15":"shipping-taxable","16":"purchasable","17":"product-type-simple"},"acf":[],"_links":{"self":[{"href":"https:\/\/tiendaflex.ec\/en\/wp-json\/wp\/v2\/product\/26013","targetHints":{"allow":["GET"]}}],"collection":[{"href":"https:\/\/tiendaflex.ec\/en\/wp-json\/wp\/v2\/product"}],"about":[{"href":"https:\/\/tiendaflex.ec\/en\/wp-json\/wp\/v2\/types\/product"}],"replies":[{"embeddable":true,"href":"https:\/\/tiendaflex.ec\/en\/wp-json\/wp\/v2\/comments?post=26013"}],"version-history":[{"count":2,"href":"https:\/\/tiendaflex.ec\/en\/wp-json\/wp\/v2\/product\/26013\/revisions"}],"predecessor-version":[{"id":26016,"href":"https:\/\/tiendaflex.ec\/en\/wp-json\/wp\/v2\/product\/26013\/revisions\/26016"}],"wp:featuredmedia":[{"embeddable":true,"href":"https:\/\/tiendaflex.ec\/en\/wp-json\/wp\/v2\/media\/26014"}],"wp:attachment":[{"href":"https:\/\/tiendaflex.ec\/en\/wp-json\/wp\/v2\/media?parent=26013"}],"wp:term":[{"taxonomy":"product_brand","embeddable":true,"href":"https:\/\/tiendaflex.ec\/en\/wp-json\/wp\/v2\/product_brand?post=26013"},{"taxonomy":"product_cat","embeddable":true,"href":"https:\/\/tiendaflex.ec\/en\/wp-json\/wp\/v2\/product_cat?post=26013"},{"taxonomy":"product_tag","embeddable":true,"href":"https:\/\/tiendaflex.ec\/en\/wp-json\/wp\/v2\/product_tag?post=26013"}],"curies":[{"name":"wp","href":"https:\/\/api.w.org\/{rel}","templated":true}]}}