{"id":25992,"date":"2025-12-10T09:43:13","date_gmt":"2025-12-10T14:43:13","guid":{"rendered":"https:\/\/tiendaflex.ec\/?post_type=product&#038;p=25992"},"modified":"2025-12-10T09:43:13","modified_gmt":"2025-12-10T14:43:13","slug":"vaporera-hamilton-beach-5-2l-modelo-37530z","status":"publish","type":"product","link":"https:\/\/tiendaflex.ec\/en\/product\/vaporera-hamilton-beach-5-2l-modelo-37530z\/","title":{"rendered":"VAPORERA HAMILTON BEACH 5.2L MODELO 37530Z"},"content":{"rendered":"","protected":false},"excerpt":{"rendered":"<p>La vaporera 37530Z ofrece una cocci\u00f3n saludable y sin aceite, perfecta para verduras, carnes, arroz y m\u00e1s. Su capacidad de 5.2 litros la convierte en una excelente opci\u00f3n para familias.<\/p>\n<p>Caracter\u00edsticas principales:<br \/>\n\u2714\ufe0f Capacidad amplia 5.2 L<br \/>\n\u2714\ufe0f Cocina saludable al vapor<br \/>\n\u2714\ufe0f F\u00e1cil de usar<br \/>\n\u2714\ufe0f Bandejas apilables<br \/>\n\u2714\ufe0f Ideal para comidas ligeras<\/p>\n<p>\ud83d\udcde Cont\u00e1ctanos: +593984123231<\/p>","protected":false},"featured_media":25993,"comment_status":"open","ping_status":"closed","template":"","meta":{"_acf_changed":false},"product_brand":[756],"product_cat":[549,594],"product_tag":[],"class_list":{"0":"post-25992","1":"product","2":"type-product","3":"status-publish","4":"has-post-thumbnail","6":"product_brand-hamilton-beach","7":"product_cat-electrodomesticos","8":"product_cat-electromenores","10":"first","11":"instock","12":"sale","13":"taxable","14":"shipping-taxable","15":"purchasable","16":"product-type-simple"},"acf":[],"_links":{"self":[{"href":"https:\/\/tiendaflex.ec\/en\/wp-json\/wp\/v2\/product\/25992","targetHints":{"allow":["GET"]}}],"collection":[{"href":"https:\/\/tiendaflex.ec\/en\/wp-json\/wp\/v2\/product"}],"about":[{"href":"https:\/\/tiendaflex.ec\/en\/wp-json\/wp\/v2\/types\/product"}],"replies":[{"embeddable":true,"href":"https:\/\/tiendaflex.ec\/en\/wp-json\/wp\/v2\/comments?post=25992"}],"version-history":[{"count":2,"href":"https:\/\/tiendaflex.ec\/en\/wp-json\/wp\/v2\/product\/25992\/revisions"}],"predecessor-version":[{"id":25995,"href":"https:\/\/tiendaflex.ec\/en\/wp-json\/wp\/v2\/product\/25992\/revisions\/25995"}],"wp:featuredmedia":[{"embeddable":true,"href":"https:\/\/tiendaflex.ec\/en\/wp-json\/wp\/v2\/media\/25993"}],"wp:attachment":[{"href":"https:\/\/tiendaflex.ec\/en\/wp-json\/wp\/v2\/media?parent=25992"}],"wp:term":[{"taxonomy":"product_brand","embeddable":true,"href":"https:\/\/tiendaflex.ec\/en\/wp-json\/wp\/v2\/product_brand?post=25992"},{"taxonomy":"product_cat","embeddable":true,"href":"https:\/\/tiendaflex.ec\/en\/wp-json\/wp\/v2\/product_cat?post=25992"},{"taxonomy":"product_tag","embeddable":true,"href":"https:\/\/tiendaflex.ec\/en\/wp-json\/wp\/v2\/product_tag?post=25992"}],"curies":[{"name":"wp","href":"https:\/\/api.w.org\/{rel}","templated":true}]}}