{"id":25963,"date":"2025-12-10T09:21:15","date_gmt":"2025-12-10T14:21:15","guid":{"rendered":"https:\/\/tiendaflex.ec\/?post_type=product&#038;p=25963"},"modified":"2025-12-10T09:21:15","modified_gmt":"2025-12-10T14:21:15","slug":"tetera-electrica-hamilton-beach-1-7-lt-modelo-40864-5","status":"publish","type":"product","link":"https:\/\/tiendaflex.ec\/en\/product\/tetera-electrica-hamilton-beach-1-7-lt-modelo-40864-5\/","title":{"rendered":"TETERA ELECTRICA HAMILTON BEACH 1.7 LT MODELO 40864\/5"},"content":{"rendered":"","protected":false},"excerpt":{"rendered":"<p>Una tetera eficiente y pr\u00e1ctica para hervir agua r\u00e1pidamente. Perfecta para t\u00e9, caf\u00e9 instant\u00e1neo o recetas que requieren agua caliente al instante.<\/p>\n<p>Caracter\u00edsticas principales:<br \/>\n\u2714\ufe0f Capacidad 1.7 litros<br \/>\n\u2714\ufe0f Hervido r\u00e1pido<br \/>\n\u2714\ufe0f F\u00e1cil de usar<br \/>\n\u2714\ufe0f Dise\u00f1o moderno<br \/>\n\u2714\ufe0f Ideal para bebidas calientes<\/p>\n<p>\ud83d\udcde Cont\u00e1ctanos: +593984123231<\/p>","protected":false},"featured_media":25964,"comment_status":"open","ping_status":"closed","template":"","meta":{"_acf_changed":false},"product_brand":[756],"product_cat":[549,594],"product_tag":[],"class_list":{"0":"post-25963","1":"product","2":"type-product","3":"status-publish","4":"has-post-thumbnail","6":"product_brand-hamilton-beach","7":"product_cat-electrodomesticos","8":"product_cat-electromenores","10":"first","11":"instock","12":"sale","13":"taxable","14":"shipping-taxable","15":"purchasable","16":"product-type-simple"},"acf":[],"_links":{"self":[{"href":"https:\/\/tiendaflex.ec\/en\/wp-json\/wp\/v2\/product\/25963","targetHints":{"allow":["GET"]}}],"collection":[{"href":"https:\/\/tiendaflex.ec\/en\/wp-json\/wp\/v2\/product"}],"about":[{"href":"https:\/\/tiendaflex.ec\/en\/wp-json\/wp\/v2\/types\/product"}],"replies":[{"embeddable":true,"href":"https:\/\/tiendaflex.ec\/en\/wp-json\/wp\/v2\/comments?post=25963"}],"version-history":[{"count":2,"href":"https:\/\/tiendaflex.ec\/en\/wp-json\/wp\/v2\/product\/25963\/revisions"}],"predecessor-version":[{"id":25966,"href":"https:\/\/tiendaflex.ec\/en\/wp-json\/wp\/v2\/product\/25963\/revisions\/25966"}],"wp:featuredmedia":[{"embeddable":true,"href":"https:\/\/tiendaflex.ec\/en\/wp-json\/wp\/v2\/media\/25964"}],"wp:attachment":[{"href":"https:\/\/tiendaflex.ec\/en\/wp-json\/wp\/v2\/media?parent=25963"}],"wp:term":[{"taxonomy":"product_brand","embeddable":true,"href":"https:\/\/tiendaflex.ec\/en\/wp-json\/wp\/v2\/product_brand?post=25963"},{"taxonomy":"product_cat","embeddable":true,"href":"https:\/\/tiendaflex.ec\/en\/wp-json\/wp\/v2\/product_cat?post=25963"},{"taxonomy":"product_tag","embeddable":true,"href":"https:\/\/tiendaflex.ec\/en\/wp-json\/wp\/v2\/product_tag?post=25963"}],"curies":[{"name":"wp","href":"https:\/\/api.w.org\/{rel}","templated":true}]}}