{"id":25946,"date":"2025-12-10T08:50:42","date_gmt":"2025-12-10T13:50:42","guid":{"rendered":"https:\/\/tiendaflex.ec\/?post_type=product&#038;p=25946"},"modified":"2025-12-10T10:02:39","modified_gmt":"2025-12-10T15:02:39","slug":"sanduchera-proctor-silex-modelo-25415ps","status":"publish","type":"product","link":"https:\/\/tiendaflex.ec\/en\/product\/sanduchera-proctor-silex-modelo-25415ps\/","title":{"rendered":"SANDUCHERA PROCTOR SILEX MODELO 25415PS"},"content":{"rendered":"","protected":false},"excerpt":{"rendered":"<p>Una sanduchera pr\u00e1ctica y f\u00e1cil de usar, ideal para preparar s\u00e1nduches calientes en pocos minutos.<\/p>\n<p>Caracter\u00edsticas principales:<br \/>\n\u2714\ufe0f R\u00e1pida y pr\u00e1ctica<br \/>\n\u2714\ufe0f Ideal para s\u00e1nduches cl\u00e1sicos<br \/>\n\u2714\ufe0f Superficie antiadherente<br \/>\n\u2714\ufe0f Compacta y funcional<br \/>\n\u2714\ufe0f F\u00e1cil de limpiar<\/p>\n<p>\ud83d\udcde Cont\u00e1ctanos: +593984123231<\/p>","protected":false},"featured_media":25947,"comment_status":"open","ping_status":"closed","template":"","meta":{"_acf_changed":false},"product_brand":[756],"product_cat":[549,760],"product_tag":[],"class_list":{"0":"post-25946","1":"product","2":"type-product","3":"status-publish","4":"has-post-thumbnail","6":"product_brand-hamilton-beach","7":"product_cat-electrodomesticos","8":"product_cat-sanducheras","10":"first","11":"instock","12":"sale","13":"taxable","14":"shipping-taxable","15":"purchasable","16":"product-type-simple"},"acf":[],"_links":{"self":[{"href":"https:\/\/tiendaflex.ec\/en\/wp-json\/wp\/v2\/product\/25946","targetHints":{"allow":["GET"]}}],"collection":[{"href":"https:\/\/tiendaflex.ec\/en\/wp-json\/wp\/v2\/product"}],"about":[{"href":"https:\/\/tiendaflex.ec\/en\/wp-json\/wp\/v2\/types\/product"}],"replies":[{"embeddable":true,"href":"https:\/\/tiendaflex.ec\/en\/wp-json\/wp\/v2\/comments?post=25946"}],"version-history":[{"count":2,"href":"https:\/\/tiendaflex.ec\/en\/wp-json\/wp\/v2\/product\/25946\/revisions"}],"predecessor-version":[{"id":25949,"href":"https:\/\/tiendaflex.ec\/en\/wp-json\/wp\/v2\/product\/25946\/revisions\/25949"}],"wp:featuredmedia":[{"embeddable":true,"href":"https:\/\/tiendaflex.ec\/en\/wp-json\/wp\/v2\/media\/25947"}],"wp:attachment":[{"href":"https:\/\/tiendaflex.ec\/en\/wp-json\/wp\/v2\/media?parent=25946"}],"wp:term":[{"taxonomy":"product_brand","embeddable":true,"href":"https:\/\/tiendaflex.ec\/en\/wp-json\/wp\/v2\/product_brand?post=25946"},{"taxonomy":"product_cat","embeddable":true,"href":"https:\/\/tiendaflex.ec\/en\/wp-json\/wp\/v2\/product_cat?post=25946"},{"taxonomy":"product_tag","embeddable":true,"href":"https:\/\/tiendaflex.ec\/en\/wp-json\/wp\/v2\/product_tag?post=25946"}],"curies":[{"name":"wp","href":"https:\/\/api.w.org\/{rel}","templated":true}]}}