{"id":25938,"date":"2025-12-10T08:43:44","date_gmt":"2025-12-10T13:43:44","guid":{"rendered":"https:\/\/tiendaflex.ec\/?post_type=product&#038;p=25938"},"modified":"2025-12-10T08:43:44","modified_gmt":"2025-12-10T13:43:44","slug":"mini-procesador-de-alimentos-proctor-silver-modelo-72500ry","status":"publish","type":"product","link":"https:\/\/tiendaflex.ec\/en\/product\/mini-procesador-de-alimentos-proctor-silver-modelo-72500ry\/","title":{"rendered":"MINI PROCESADOR DE ALIMENTOS PROCTOR SILVER MODELO 72500RY"},"content":{"rendered":"","protected":false},"excerpt":{"rendered":"<p>Este mini procesador es perfecto para porciones peque\u00f1as y preparaci\u00f3n r\u00e1pida de ingredientes. Ideal para quienes buscan practicidad y tama\u00f1o reducido.<\/p>\n<p>Caracter\u00edsticas principales:<br \/>\n\u2714\ufe0f Dise\u00f1o mini compacto<br \/>\n\u2714\ufe0f Perfecto para porciones peque\u00f1as<br \/>\n\u2714\ufe0f Ideal para salsas y picados<br \/>\n\u2714\ufe0f F\u00e1cil de limpiar<br \/>\n\u2714\ufe0f Operaci\u00f3n sencilla<\/p>\n<p>\ud83d\udcde Cont\u00e1ctanos: +593984123231<\/p>","protected":false},"featured_media":25939,"comment_status":"open","ping_status":"closed","template":"","meta":{"_acf_changed":false},"product_brand":[756],"product_cat":[549,594],"product_tag":[],"class_list":{"0":"post-25938","1":"product","2":"type-product","3":"status-publish","4":"has-post-thumbnail","6":"product_brand-hamilton-beach","7":"product_cat-electrodomesticos","8":"product_cat-electromenores","10":"first","11":"instock","12":"sale","13":"taxable","14":"shipping-taxable","15":"purchasable","16":"product-type-simple"},"acf":[],"_links":{"self":[{"href":"https:\/\/tiendaflex.ec\/en\/wp-json\/wp\/v2\/product\/25938","targetHints":{"allow":["GET"]}}],"collection":[{"href":"https:\/\/tiendaflex.ec\/en\/wp-json\/wp\/v2\/product"}],"about":[{"href":"https:\/\/tiendaflex.ec\/en\/wp-json\/wp\/v2\/types\/product"}],"replies":[{"embeddable":true,"href":"https:\/\/tiendaflex.ec\/en\/wp-json\/wp\/v2\/comments?post=25938"}],"version-history":[{"count":2,"href":"https:\/\/tiendaflex.ec\/en\/wp-json\/wp\/v2\/product\/25938\/revisions"}],"predecessor-version":[{"id":25941,"href":"https:\/\/tiendaflex.ec\/en\/wp-json\/wp\/v2\/product\/25938\/revisions\/25941"}],"wp:featuredmedia":[{"embeddable":true,"href":"https:\/\/tiendaflex.ec\/en\/wp-json\/wp\/v2\/media\/25939"}],"wp:attachment":[{"href":"https:\/\/tiendaflex.ec\/en\/wp-json\/wp\/v2\/media?parent=25938"}],"wp:term":[{"taxonomy":"product_brand","embeddable":true,"href":"https:\/\/tiendaflex.ec\/en\/wp-json\/wp\/v2\/product_brand?post=25938"},{"taxonomy":"product_cat","embeddable":true,"href":"https:\/\/tiendaflex.ec\/en\/wp-json\/wp\/v2\/product_cat?post=25938"},{"taxonomy":"product_tag","embeddable":true,"href":"https:\/\/tiendaflex.ec\/en\/wp-json\/wp\/v2\/product_tag?post=25938"}],"curies":[{"name":"wp","href":"https:\/\/api.w.org\/{rel}","templated":true}]}}