{"id":25934,"date":"2025-12-10T08:40:47","date_gmt":"2025-12-10T13:40:47","guid":{"rendered":"https:\/\/tiendaflex.ec\/?post_type=product&#038;p=25934"},"modified":"2025-12-10T08:40:47","modified_gmt":"2025-12-10T13:40:47","slug":"procesador-de-alimentos-hamilton-beach-modelo-70450","status":"publish","type":"product","link":"https:\/\/tiendaflex.ec\/en\/product\/procesador-de-alimentos-hamilton-beach-modelo-70450\/","title":{"rendered":"PROCESADOR DE ALIMENTOS HAMILTON BEACH MODELO 70450"},"content":{"rendered":"","protected":false},"excerpt":{"rendered":"<p>Un procesador pr\u00e1ctico y confiable para tareas b\u00e1sicas en la cocina. Ideal para picar, mezclar y procesar ingredientes r\u00e1pidamente sin complicaciones.<\/p>\n<p>Caracter\u00edsticas principales:<br \/>\n\u2714\ufe0f Dise\u00f1o compacto<br \/>\n\u2714\ufe0f F\u00e1cil de usar<br \/>\n\u2714\ufe0f Ideal para picados r\u00e1pidos<br \/>\n\u2714\ufe0f Limpieza sencilla<br \/>\n\u2714\ufe0f Excelente para uso diario<\/p>\n<p>\ud83d\udcde Cont\u00e1ctanos: +593984123231<\/p>","protected":false},"featured_media":25935,"comment_status":"open","ping_status":"closed","template":"","meta":{"_acf_changed":false},"product_brand":[756],"product_cat":[549,594],"product_tag":[],"class_list":{"0":"post-25934","1":"product","2":"type-product","3":"status-publish","4":"has-post-thumbnail","6":"product_brand-hamilton-beach","7":"product_cat-electrodomesticos","8":"product_cat-electromenores","10":"first","11":"instock","12":"sale","13":"taxable","14":"shipping-taxable","15":"purchasable","16":"product-type-simple"},"acf":[],"_links":{"self":[{"href":"https:\/\/tiendaflex.ec\/en\/wp-json\/wp\/v2\/product\/25934","targetHints":{"allow":["GET"]}}],"collection":[{"href":"https:\/\/tiendaflex.ec\/en\/wp-json\/wp\/v2\/product"}],"about":[{"href":"https:\/\/tiendaflex.ec\/en\/wp-json\/wp\/v2\/types\/product"}],"replies":[{"embeddable":true,"href":"https:\/\/tiendaflex.ec\/en\/wp-json\/wp\/v2\/comments?post=25934"}],"version-history":[{"count":2,"href":"https:\/\/tiendaflex.ec\/en\/wp-json\/wp\/v2\/product\/25934\/revisions"}],"predecessor-version":[{"id":25937,"href":"https:\/\/tiendaflex.ec\/en\/wp-json\/wp\/v2\/product\/25934\/revisions\/25937"}],"wp:featuredmedia":[{"embeddable":true,"href":"https:\/\/tiendaflex.ec\/en\/wp-json\/wp\/v2\/media\/25935"}],"wp:attachment":[{"href":"https:\/\/tiendaflex.ec\/en\/wp-json\/wp\/v2\/media?parent=25934"}],"wp:term":[{"taxonomy":"product_brand","embeddable":true,"href":"https:\/\/tiendaflex.ec\/en\/wp-json\/wp\/v2\/product_brand?post=25934"},{"taxonomy":"product_cat","embeddable":true,"href":"https:\/\/tiendaflex.ec\/en\/wp-json\/wp\/v2\/product_cat?post=25934"},{"taxonomy":"product_tag","embeddable":true,"href":"https:\/\/tiendaflex.ec\/en\/wp-json\/wp\/v2\/product_tag?post=25934"}],"curies":[{"name":"wp","href":"https:\/\/api.w.org\/{rel}","templated":true}]}}