{"id":25929,"date":"2025-12-10T08:35:19","date_gmt":"2025-12-10T13:35:19","guid":{"rendered":"https:\/\/tiendaflex.ec\/?post_type=product&#038;p=25929"},"modified":"2026-02-20T12:58:35","modified_gmt":"2026-02-20T17:58:35","slug":"procesador-de-alimentos-hamilton-beach-3tz-modelo-72850","status":"publish","type":"product","link":"https:\/\/tiendaflex.ec\/en\/product\/procesador-de-alimentos-hamilton-beach-3tz-modelo-72850\/","title":{"rendered":"PROCESADOR DE ALIMENTOS HAMILTON BEACH 3TZ MODELO 72850"},"content":{"rendered":"","protected":false},"excerpt":{"rendered":"<p>Un procesador pr\u00e1ctico de 3 tazas ideal para porciones peque\u00f1as y preparaciones r\u00e1pidas en casa. Perfecto para salsas, picados y mezclas simples.<\/p>\n<p>Caracter\u00edsticas principales:<br \/>\n\u2714\ufe0f Capacidad 3 tazas<br \/>\n\u2714\ufe0f Ideal para picar y mezclar<br \/>\n\u2714\ufe0f F\u00e1cil de limpiar<br \/>\n\u2714\ufe0f Operaci\u00f3n sencilla<br \/>\n\u2714\ufe0f Compacto y funcional<\/p>\n<p>\ud83d\udcde Cont\u00e1ctanos: +593984123231<\/p>","protected":false},"featured_media":25930,"comment_status":"open","ping_status":"closed","template":"","meta":{"_acf_changed":false},"product_brand":[756],"product_cat":[549,594],"product_tag":[],"class_list":{"0":"post-25929","1":"product","2":"type-product","3":"status-publish","4":"has-post-thumbnail","6":"product_brand-hamilton-beach","7":"product_cat-electrodomesticos","8":"product_cat-electromenores","10":"first","11":"outofstock","12":"sale","13":"taxable","14":"shipping-taxable","15":"purchasable","16":"product-type-simple"},"acf":[],"_links":{"self":[{"href":"https:\/\/tiendaflex.ec\/en\/wp-json\/wp\/v2\/product\/25929","targetHints":{"allow":["GET"]}}],"collection":[{"href":"https:\/\/tiendaflex.ec\/en\/wp-json\/wp\/v2\/product"}],"about":[{"href":"https:\/\/tiendaflex.ec\/en\/wp-json\/wp\/v2\/types\/product"}],"replies":[{"embeddable":true,"href":"https:\/\/tiendaflex.ec\/en\/wp-json\/wp\/v2\/comments?post=25929"}],"version-history":[{"count":2,"href":"https:\/\/tiendaflex.ec\/en\/wp-json\/wp\/v2\/product\/25929\/revisions"}],"predecessor-version":[{"id":25932,"href":"https:\/\/tiendaflex.ec\/en\/wp-json\/wp\/v2\/product\/25929\/revisions\/25932"}],"wp:featuredmedia":[{"embeddable":true,"href":"https:\/\/tiendaflex.ec\/en\/wp-json\/wp\/v2\/media\/25930"}],"wp:attachment":[{"href":"https:\/\/tiendaflex.ec\/en\/wp-json\/wp\/v2\/media?parent=25929"}],"wp:term":[{"taxonomy":"product_brand","embeddable":true,"href":"https:\/\/tiendaflex.ec\/en\/wp-json\/wp\/v2\/product_brand?post=25929"},{"taxonomy":"product_cat","embeddable":true,"href":"https:\/\/tiendaflex.ec\/en\/wp-json\/wp\/v2\/product_cat?post=25929"},{"taxonomy":"product_tag","embeddable":true,"href":"https:\/\/tiendaflex.ec\/en\/wp-json\/wp\/v2\/product_tag?post=25929"}],"curies":[{"name":"wp","href":"https:\/\/api.w.org\/{rel}","templated":true}]}}