{"id":25917,"date":"2025-12-10T06:49:52","date_gmt":"2025-12-10T11:49:52","guid":{"rendered":"https:\/\/tiendaflex.ec\/?post_type=product&#038;p=25917"},"modified":"2025-12-10T06:49:52","modified_gmt":"2025-12-10T11:49:52","slug":"plancha-de-ropa-hamilton-beach-mod-14214","status":"publish","type":"product","link":"https:\/\/tiendaflex.ec\/en\/product\/plancha-de-ropa-hamilton-beach-mod-14214\/","title":{"rendered":"PLANCHA DE ROPA HAMILTON BEACH MOD 14214"},"content":{"rendered":"","protected":false},"excerpt":{"rendered":"<p>Sencilla, pr\u00e1ctica y eficiente, la Hamilton Beach 14214 ofrece un planchado r\u00e1pido con un dise\u00f1o cl\u00e1sico y f\u00e1cil de usar.<\/p>\n<p>Caracter\u00edsticas principales:<br \/>\n\u2714\ufe0f Dise\u00f1o pr\u00e1ctico<br \/>\n\u2714\ufe0f Buena distribuci\u00f3n de calor<br \/>\n\u2714\ufe0f F\u00e1cil manejo<br \/>\n\u2714\ufe0f Ideal para uso frecuente<br \/>\n\u2714\ufe0f Suave sobre la tela<\/p>\n<p>\ud83d\udcde Cont\u00e1ctanos: +593984123231<\/p>","protected":false},"featured_media":25918,"comment_status":"open","ping_status":"closed","template":"","meta":{"_acf_changed":false},"product_brand":[756],"product_cat":[549,594,759],"product_tag":[],"class_list":{"0":"post-25917","1":"product","2":"type-product","3":"status-publish","4":"has-post-thumbnail","6":"product_brand-hamilton-beach","7":"product_cat-electrodomesticos","8":"product_cat-electromenores","9":"product_cat-planchas","11":"first","12":"instock","13":"sale","14":"taxable","15":"shipping-taxable","16":"purchasable","17":"product-type-simple"},"acf":[],"_links":{"self":[{"href":"https:\/\/tiendaflex.ec\/en\/wp-json\/wp\/v2\/product\/25917","targetHints":{"allow":["GET"]}}],"collection":[{"href":"https:\/\/tiendaflex.ec\/en\/wp-json\/wp\/v2\/product"}],"about":[{"href":"https:\/\/tiendaflex.ec\/en\/wp-json\/wp\/v2\/types\/product"}],"replies":[{"embeddable":true,"href":"https:\/\/tiendaflex.ec\/en\/wp-json\/wp\/v2\/comments?post=25917"}],"version-history":[{"count":2,"href":"https:\/\/tiendaflex.ec\/en\/wp-json\/wp\/v2\/product\/25917\/revisions"}],"predecessor-version":[{"id":25920,"href":"https:\/\/tiendaflex.ec\/en\/wp-json\/wp\/v2\/product\/25917\/revisions\/25920"}],"wp:featuredmedia":[{"embeddable":true,"href":"https:\/\/tiendaflex.ec\/en\/wp-json\/wp\/v2\/media\/25918"}],"wp:attachment":[{"href":"https:\/\/tiendaflex.ec\/en\/wp-json\/wp\/v2\/media?parent=25917"}],"wp:term":[{"taxonomy":"product_brand","embeddable":true,"href":"https:\/\/tiendaflex.ec\/en\/wp-json\/wp\/v2\/product_brand?post=25917"},{"taxonomy":"product_cat","embeddable":true,"href":"https:\/\/tiendaflex.ec\/en\/wp-json\/wp\/v2\/product_cat?post=25917"},{"taxonomy":"product_tag","embeddable":true,"href":"https:\/\/tiendaflex.ec\/en\/wp-json\/wp\/v2\/product_tag?post=25917"}],"curies":[{"name":"wp","href":"https:\/\/api.w.org\/{rel}","templated":true}]}}