{"id":25913,"date":"2025-12-10T06:46:11","date_gmt":"2025-12-10T11:46:11","guid":{"rendered":"https:\/\/tiendaflex.ec\/?post_type=product&#038;p=25913"},"modified":"2025-12-10T06:46:11","modified_gmt":"2025-12-10T11:46:11","slug":"plancha-de-ropa-hamilton-beach-gris-mod-19910","status":"publish","type":"product","link":"https:\/\/tiendaflex.ec\/en\/product\/plancha-de-ropa-hamilton-beach-gris-mod-19910\/","title":{"rendered":"PLANCHA DE ROPA HAMILTON BEACH GRIS MOD 19910"},"content":{"rendered":"","protected":false},"excerpt":{"rendered":"<p>La Hamilton Beach 19910 ofrece un dise\u00f1o moderno en color gris y un desempe\u00f1o confiable para el planchado diario. Ideal para quienes buscan un equipo pr\u00e1ctico y f\u00e1cil de manejar.<\/p>\n<p>Caracter\u00edsticas principales:<br \/>\n\u2714\ufe0f Dise\u00f1o gris elegante<br \/>\n\u2714\ufe0f Calor uniforme<br \/>\n\u2714\ufe0f Deslizamiento c\u00f3modo<br \/>\n\u2714\ufe0f Ligera y ergon\u00f3mica<br \/>\n\u2714\ufe0f Ideal para el hogar<\/p>\n<p>\ud83d\udcde Cont\u00e1ctanos: +593984123231<\/p>","protected":false},"featured_media":25914,"comment_status":"open","ping_status":"closed","template":"","meta":{"_acf_changed":false},"product_brand":[756],"product_cat":[549,594,759],"product_tag":[],"class_list":{"0":"post-25913","1":"product","2":"type-product","3":"status-publish","4":"has-post-thumbnail","6":"product_brand-hamilton-beach","7":"product_cat-electrodomesticos","8":"product_cat-electromenores","9":"product_cat-planchas","11":"first","12":"instock","13":"sale","14":"taxable","15":"shipping-taxable","16":"purchasable","17":"product-type-simple"},"acf":[],"_links":{"self":[{"href":"https:\/\/tiendaflex.ec\/en\/wp-json\/wp\/v2\/product\/25913","targetHints":{"allow":["GET"]}}],"collection":[{"href":"https:\/\/tiendaflex.ec\/en\/wp-json\/wp\/v2\/product"}],"about":[{"href":"https:\/\/tiendaflex.ec\/en\/wp-json\/wp\/v2\/types\/product"}],"replies":[{"embeddable":true,"href":"https:\/\/tiendaflex.ec\/en\/wp-json\/wp\/v2\/comments?post=25913"}],"version-history":[{"count":2,"href":"https:\/\/tiendaflex.ec\/en\/wp-json\/wp\/v2\/product\/25913\/revisions"}],"predecessor-version":[{"id":25916,"href":"https:\/\/tiendaflex.ec\/en\/wp-json\/wp\/v2\/product\/25913\/revisions\/25916"}],"wp:featuredmedia":[{"embeddable":true,"href":"https:\/\/tiendaflex.ec\/en\/wp-json\/wp\/v2\/media\/25914"}],"wp:attachment":[{"href":"https:\/\/tiendaflex.ec\/en\/wp-json\/wp\/v2\/media?parent=25913"}],"wp:term":[{"taxonomy":"product_brand","embeddable":true,"href":"https:\/\/tiendaflex.ec\/en\/wp-json\/wp\/v2\/product_brand?post=25913"},{"taxonomy":"product_cat","embeddable":true,"href":"https:\/\/tiendaflex.ec\/en\/wp-json\/wp\/v2\/product_cat?post=25913"},{"taxonomy":"product_tag","embeddable":true,"href":"https:\/\/tiendaflex.ec\/en\/wp-json\/wp\/v2\/product_tag?post=25913"}],"curies":[{"name":"wp","href":"https:\/\/api.w.org\/{rel}","templated":true}]}}