{"id":25901,"date":"2025-12-10T06:37:32","date_gmt":"2025-12-10T11:37:32","guid":{"rendered":"https:\/\/tiendaflex.ec\/?post_type=product&#038;p=25901"},"modified":"2025-12-10T06:37:33","modified_gmt":"2025-12-10T11:37:33","slug":"plancha-de-ropa-hamilton-beach-plomo-negro-mod-14290f","status":"publish","type":"product","link":"https:\/\/tiendaflex.ec\/en\/product\/plancha-de-ropa-hamilton-beach-plomo-negro-mod-14290f\/","title":{"rendered":"PLANCHA DE ROPA HAMILTON BEACH PLOMO\/NEGRO MOD 14290F"},"content":{"rendered":"","protected":false},"excerpt":{"rendered":"<p>Similar en estilo y desempe\u00f1o, este modelo ofrece un dise\u00f1o pr\u00e1ctico y calentamiento confiable, ideal para cualquier hogar.<\/p>\n<p>Caracter\u00edsticas principales:<br \/>\n\u2714\ufe0f Dise\u00f1o en plomo\/negro<br \/>\n\u2714\ufe0f Manejo sencillo<br \/>\n\u2714\ufe0f Calentamiento uniforme<br \/>\n\u2714\ufe0f Suave sobre la tela<br \/>\n\u2714\ufe0f Ideal para uso frecuente<\/p>\n<p>\ud83d\udcde Cont\u00e1ctanos: +593984123231<\/p>","protected":false},"featured_media":25902,"comment_status":"open","ping_status":"closed","template":"","meta":{"_acf_changed":false},"product_brand":[756],"product_cat":[549,594,759],"product_tag":[],"class_list":{"0":"post-25901","1":"product","2":"type-product","3":"status-publish","4":"has-post-thumbnail","6":"product_brand-hamilton-beach","7":"product_cat-electrodomesticos","8":"product_cat-electromenores","9":"product_cat-planchas","11":"first","12":"instock","13":"sale","14":"taxable","15":"shipping-taxable","16":"purchasable","17":"product-type-simple"},"acf":[],"_links":{"self":[{"href":"https:\/\/tiendaflex.ec\/en\/wp-json\/wp\/v2\/product\/25901","targetHints":{"allow":["GET"]}}],"collection":[{"href":"https:\/\/tiendaflex.ec\/en\/wp-json\/wp\/v2\/product"}],"about":[{"href":"https:\/\/tiendaflex.ec\/en\/wp-json\/wp\/v2\/types\/product"}],"replies":[{"embeddable":true,"href":"https:\/\/tiendaflex.ec\/en\/wp-json\/wp\/v2\/comments?post=25901"}],"version-history":[{"count":2,"href":"https:\/\/tiendaflex.ec\/en\/wp-json\/wp\/v2\/product\/25901\/revisions"}],"predecessor-version":[{"id":25904,"href":"https:\/\/tiendaflex.ec\/en\/wp-json\/wp\/v2\/product\/25901\/revisions\/25904"}],"wp:featuredmedia":[{"embeddable":true,"href":"https:\/\/tiendaflex.ec\/en\/wp-json\/wp\/v2\/media\/25902"}],"wp:attachment":[{"href":"https:\/\/tiendaflex.ec\/en\/wp-json\/wp\/v2\/media?parent=25901"}],"wp:term":[{"taxonomy":"product_brand","embeddable":true,"href":"https:\/\/tiendaflex.ec\/en\/wp-json\/wp\/v2\/product_brand?post=25901"},{"taxonomy":"product_cat","embeddable":true,"href":"https:\/\/tiendaflex.ec\/en\/wp-json\/wp\/v2\/product_cat?post=25901"},{"taxonomy":"product_tag","embeddable":true,"href":"https:\/\/tiendaflex.ec\/en\/wp-json\/wp\/v2\/product_tag?post=25901"}],"curies":[{"name":"wp","href":"https:\/\/api.w.org\/{rel}","templated":true}]}}