{"id":25893,"date":"2025-12-09T16:13:04","date_gmt":"2025-12-09T21:13:04","guid":{"rendered":"https:\/\/tiendaflex.ec\/?post_type=product&#038;p=25893"},"modified":"2025-12-09T16:13:04","modified_gmt":"2025-12-09T21:13:04","slug":"plancha-para-ropa-proctor-silex-ploma-17150yps","status":"publish","type":"product","link":"https:\/\/tiendaflex.ec\/en\/product\/plancha-para-ropa-proctor-silex-ploma-17150yps\/","title":{"rendered":"PLANCHA PARA ROPA PROCTOR SILEX PLOMA 17150YPS"},"content":{"rendered":"","protected":false},"excerpt":{"rendered":"<p>Un modelo pr\u00e1ctico y confiable, ideal para quienes buscan una plancha ligera, funcional y f\u00e1cil de manipular en el d\u00eda a d\u00eda.<\/p>\n<p>Caracter\u00edsticas principales:<br \/>\n\u2714\ufe0f Dise\u00f1o plomo pr\u00e1ctico<br \/>\n\u2714\ufe0f Calentamiento estable<br \/>\n\u2714\ufe0f F\u00e1cil manejo<br \/>\n\u2714\ufe0f Ligera y funcional<br \/>\n\u2714\ufe0f Perfecta para uso diario<\/p>\n<p>\ud83d\udcde Cont\u00e1ctanos: +593984123231<\/p>","protected":false},"featured_media":25894,"comment_status":"open","ping_status":"closed","template":"","meta":{"_acf_changed":false},"product_brand":[756],"product_cat":[549,594,759],"product_tag":[],"class_list":{"0":"post-25893","1":"product","2":"type-product","3":"status-publish","4":"has-post-thumbnail","6":"product_brand-hamilton-beach","7":"product_cat-electrodomesticos","8":"product_cat-electromenores","9":"product_cat-planchas","11":"first","12":"instock","13":"sale","14":"taxable","15":"shipping-taxable","16":"purchasable","17":"product-type-simple"},"acf":[],"_links":{"self":[{"href":"https:\/\/tiendaflex.ec\/en\/wp-json\/wp\/v2\/product\/25893","targetHints":{"allow":["GET"]}}],"collection":[{"href":"https:\/\/tiendaflex.ec\/en\/wp-json\/wp\/v2\/product"}],"about":[{"href":"https:\/\/tiendaflex.ec\/en\/wp-json\/wp\/v2\/types\/product"}],"replies":[{"embeddable":true,"href":"https:\/\/tiendaflex.ec\/en\/wp-json\/wp\/v2\/comments?post=25893"}],"version-history":[{"count":2,"href":"https:\/\/tiendaflex.ec\/en\/wp-json\/wp\/v2\/product\/25893\/revisions"}],"predecessor-version":[{"id":25896,"href":"https:\/\/tiendaflex.ec\/en\/wp-json\/wp\/v2\/product\/25893\/revisions\/25896"}],"wp:featuredmedia":[{"embeddable":true,"href":"https:\/\/tiendaflex.ec\/en\/wp-json\/wp\/v2\/media\/25894"}],"wp:attachment":[{"href":"https:\/\/tiendaflex.ec\/en\/wp-json\/wp\/v2\/media?parent=25893"}],"wp:term":[{"taxonomy":"product_brand","embeddable":true,"href":"https:\/\/tiendaflex.ec\/en\/wp-json\/wp\/v2\/product_brand?post=25893"},{"taxonomy":"product_cat","embeddable":true,"href":"https:\/\/tiendaflex.ec\/en\/wp-json\/wp\/v2\/product_cat?post=25893"},{"taxonomy":"product_tag","embeddable":true,"href":"https:\/\/tiendaflex.ec\/en\/wp-json\/wp\/v2\/product_tag?post=25893"}],"curies":[{"name":"wp","href":"https:\/\/api.w.org\/{rel}","templated":true}]}}