{"id":25885,"date":"2025-12-09T16:06:40","date_gmt":"2025-12-09T21:06:40","guid":{"rendered":"https:\/\/tiendaflex.ec\/?post_type=product&#038;p=25885"},"modified":"2025-12-09T16:06:40","modified_gmt":"2025-12-09T21:06:40","slug":"plancha-de-ropa-a-vapor-proctor-silex-gris-mod-14250","status":"publish","type":"product","link":"https:\/\/tiendaflex.ec\/en\/product\/plancha-de-ropa-a-vapor-proctor-silex-gris-mod-14250\/","title":{"rendered":"PLANCHA DE ROPA A VAPOR PROCTOR SILEX GRIS MOD 14250"},"content":{"rendered":"","protected":false},"excerpt":{"rendered":"<p>La plancha a vapor Proctor Silex 14250 permite eliminar arrugas con mayor facilidad gracias a su funci\u00f3n de vapor y su dise\u00f1o c\u00f3modo en color gris.<\/p>\n<p>Caracter\u00edsticas principales:<br \/>\n\u2714\ufe0f Funci\u00f3n de vapor<br \/>\n\u2714\ufe0f Dise\u00f1o gris pr\u00e1ctico<br \/>\n\u2714\ufe0f F\u00e1cil manejo<br \/>\n\u2714\ufe0f Calentamiento uniforme<br \/>\n\u2714\ufe0f Ideal para prendas dif\u00edciles<\/p>\n<p>\ud83d\udcde Cont\u00e1ctanos: +593984123231<\/p>","protected":false},"featured_media":25886,"comment_status":"open","ping_status":"closed","template":"","meta":{"_acf_changed":false},"product_brand":[756],"product_cat":[549,594,759],"product_tag":[],"class_list":{"0":"post-25885","1":"product","2":"type-product","3":"status-publish","4":"has-post-thumbnail","6":"product_brand-hamilton-beach","7":"product_cat-electrodomesticos","8":"product_cat-electromenores","9":"product_cat-planchas","11":"first","12":"instock","13":"sale","14":"taxable","15":"shipping-taxable","16":"purchasable","17":"product-type-simple"},"acf":[],"_links":{"self":[{"href":"https:\/\/tiendaflex.ec\/en\/wp-json\/wp\/v2\/product\/25885","targetHints":{"allow":["GET"]}}],"collection":[{"href":"https:\/\/tiendaflex.ec\/en\/wp-json\/wp\/v2\/product"}],"about":[{"href":"https:\/\/tiendaflex.ec\/en\/wp-json\/wp\/v2\/types\/product"}],"replies":[{"embeddable":true,"href":"https:\/\/tiendaflex.ec\/en\/wp-json\/wp\/v2\/comments?post=25885"}],"version-history":[{"count":2,"href":"https:\/\/tiendaflex.ec\/en\/wp-json\/wp\/v2\/product\/25885\/revisions"}],"predecessor-version":[{"id":25888,"href":"https:\/\/tiendaflex.ec\/en\/wp-json\/wp\/v2\/product\/25885\/revisions\/25888"}],"wp:featuredmedia":[{"embeddable":true,"href":"https:\/\/tiendaflex.ec\/en\/wp-json\/wp\/v2\/media\/25886"}],"wp:attachment":[{"href":"https:\/\/tiendaflex.ec\/en\/wp-json\/wp\/v2\/media?parent=25885"}],"wp:term":[{"taxonomy":"product_brand","embeddable":true,"href":"https:\/\/tiendaflex.ec\/en\/wp-json\/wp\/v2\/product_brand?post=25885"},{"taxonomy":"product_cat","embeddable":true,"href":"https:\/\/tiendaflex.ec\/en\/wp-json\/wp\/v2\/product_cat?post=25885"},{"taxonomy":"product_tag","embeddable":true,"href":"https:\/\/tiendaflex.ec\/en\/wp-json\/wp\/v2\/product_tag?post=25885"}],"curies":[{"name":"wp","href":"https:\/\/api.w.org\/{rel}","templated":true}]}}