{"id":25863,"date":"2025-12-09T15:08:26","date_gmt":"2025-12-09T20:08:26","guid":{"rendered":"https:\/\/tiendaflex.ec\/?post_type=product&#038;p=25863"},"modified":"2025-12-09T15:08:26","modified_gmt":"2025-12-09T20:08:26","slug":"plancha-de-ropa-proctor-silex-modelo-17291","status":"publish","type":"product","link":"https:\/\/tiendaflex.ec\/en\/product\/plancha-de-ropa-proctor-silex-modelo-17291\/","title":{"rendered":"PLANCHA DE ROPA PROCTOR SILEX MODELO 17291"},"content":{"rendered":"","protected":false},"excerpt":{"rendered":"<p>Esta plancha ofrece un desempe\u00f1o pr\u00e1ctico para quienes buscan mantener su ropa en buen estado con un equipo confiable, compacto y f\u00e1cil de manipular.<\/p>\n<p>Caracter\u00edsticas principales:<br \/>\n\u2714\ufe0f Calentamiento r\u00e1pido<br \/>\n\u2714\ufe0f F\u00e1cil de usar<br \/>\n\u2714\ufe0f Dise\u00f1o ligero<br \/>\n\u2714\ufe0f Buena distribuci\u00f3n de calor<br \/>\n\u2714\ufe0f Ideal para el d\u00eda a d\u00eda<\/p>\n<p>\ud83d\udcde Cont\u00e1ctanos: +593984123231<\/p>","protected":false},"featured_media":25864,"comment_status":"open","ping_status":"closed","template":"","meta":{"_acf_changed":false},"product_brand":[756],"product_cat":[549,594,759],"product_tag":[],"class_list":{"0":"post-25863","1":"product","2":"type-product","3":"status-publish","4":"has-post-thumbnail","6":"product_brand-hamilton-beach","7":"product_cat-electrodomesticos","8":"product_cat-electromenores","9":"product_cat-planchas","11":"first","12":"instock","13":"sale","14":"taxable","15":"shipping-taxable","16":"purchasable","17":"product-type-simple"},"acf":[],"_links":{"self":[{"href":"https:\/\/tiendaflex.ec\/en\/wp-json\/wp\/v2\/product\/25863","targetHints":{"allow":["GET"]}}],"collection":[{"href":"https:\/\/tiendaflex.ec\/en\/wp-json\/wp\/v2\/product"}],"about":[{"href":"https:\/\/tiendaflex.ec\/en\/wp-json\/wp\/v2\/types\/product"}],"replies":[{"embeddable":true,"href":"https:\/\/tiendaflex.ec\/en\/wp-json\/wp\/v2\/comments?post=25863"}],"version-history":[{"count":3,"href":"https:\/\/tiendaflex.ec\/en\/wp-json\/wp\/v2\/product\/25863\/revisions"}],"predecessor-version":[{"id":25867,"href":"https:\/\/tiendaflex.ec\/en\/wp-json\/wp\/v2\/product\/25863\/revisions\/25867"}],"wp:featuredmedia":[{"embeddable":true,"href":"https:\/\/tiendaflex.ec\/en\/wp-json\/wp\/v2\/media\/25864"}],"wp:attachment":[{"href":"https:\/\/tiendaflex.ec\/en\/wp-json\/wp\/v2\/media?parent=25863"}],"wp:term":[{"taxonomy":"product_brand","embeddable":true,"href":"https:\/\/tiendaflex.ec\/en\/wp-json\/wp\/v2\/product_brand?post=25863"},{"taxonomy":"product_cat","embeddable":true,"href":"https:\/\/tiendaflex.ec\/en\/wp-json\/wp\/v2\/product_cat?post=25863"},{"taxonomy":"product_tag","embeddable":true,"href":"https:\/\/tiendaflex.ec\/en\/wp-json\/wp\/v2\/product_tag?post=25863"}],"curies":[{"name":"wp","href":"https:\/\/api.w.org\/{rel}","templated":true}]}}