{"id":25818,"date":"2025-12-09T11:25:25","date_gmt":"2025-12-09T16:25:25","guid":{"rendered":"https:\/\/tiendaflex.ec\/?post_type=product&#038;p=25818"},"modified":"2025-12-09T11:25:25","modified_gmt":"2025-12-09T16:25:25","slug":"plancha-para-asar-hamilton-beach-modelo-38521g","status":"publish","type":"product","link":"https:\/\/tiendaflex.ec\/en\/product\/plancha-para-asar-hamilton-beach-modelo-38521g\/","title":{"rendered":"PLANCHA PARA ASAR HAMILTON BEACH MODELO 38521G"},"content":{"rendered":"","protected":false},"excerpt":{"rendered":"<p>La plancha el\u00e9ctrica 38521G ofrece una superficie amplia ideal para desayunos, carnes, verduras y m\u00e1s. Su recubrimiento antiadherente y bandeja de goteo hacen la cocina m\u00e1s pr\u00e1ctica que nunca.<\/p>\n<p>Caracter\u00edsticas principales:<br \/>\n\u2714\ufe0f Superficie amplia<br \/>\n\u2714\ufe0f Placa antiadherente<br \/>\n\u2714\ufe0f Ideal para desayunos y carnes<br \/>\n\u2714\ufe0f Bandeja recolectora<br \/>\n\u2714\ufe0f F\u00e1cil limpieza<\/p>\n<p>\ud83d\udcde Cont\u00e1ctanos: +593984123231<\/p>","protected":false},"featured_media":25819,"comment_status":"open","ping_status":"closed","template":"","meta":{"_acf_changed":false},"product_brand":[756],"product_cat":[549,594,758],"product_tag":[],"class_list":{"0":"post-25818","1":"product","2":"type-product","3":"status-publish","4":"has-post-thumbnail","6":"product_brand-hamilton-beach","7":"product_cat-electrodomesticos","8":"product_cat-electromenores","9":"product_cat-parrillas","11":"first","12":"instock","13":"sale","14":"taxable","15":"shipping-taxable","16":"purchasable","17":"product-type-simple"},"acf":[],"_links":{"self":[{"href":"https:\/\/tiendaflex.ec\/en\/wp-json\/wp\/v2\/product\/25818","targetHints":{"allow":["GET"]}}],"collection":[{"href":"https:\/\/tiendaflex.ec\/en\/wp-json\/wp\/v2\/product"}],"about":[{"href":"https:\/\/tiendaflex.ec\/en\/wp-json\/wp\/v2\/types\/product"}],"replies":[{"embeddable":true,"href":"https:\/\/tiendaflex.ec\/en\/wp-json\/wp\/v2\/comments?post=25818"}],"version-history":[{"count":2,"href":"https:\/\/tiendaflex.ec\/en\/wp-json\/wp\/v2\/product\/25818\/revisions"}],"predecessor-version":[{"id":25821,"href":"https:\/\/tiendaflex.ec\/en\/wp-json\/wp\/v2\/product\/25818\/revisions\/25821"}],"wp:featuredmedia":[{"embeddable":true,"href":"https:\/\/tiendaflex.ec\/en\/wp-json\/wp\/v2\/media\/25819"}],"wp:attachment":[{"href":"https:\/\/tiendaflex.ec\/en\/wp-json\/wp\/v2\/media?parent=25818"}],"wp:term":[{"taxonomy":"product_brand","embeddable":true,"href":"https:\/\/tiendaflex.ec\/en\/wp-json\/wp\/v2\/product_brand?post=25818"},{"taxonomy":"product_cat","embeddable":true,"href":"https:\/\/tiendaflex.ec\/en\/wp-json\/wp\/v2\/product_cat?post=25818"},{"taxonomy":"product_tag","embeddable":true,"href":"https:\/\/tiendaflex.ec\/en\/wp-json\/wp\/v2\/product_tag?post=25818"}],"curies":[{"name":"wp","href":"https:\/\/api.w.org\/{rel}","templated":true}]}}