{"id":25767,"date":"2025-12-09T08:19:38","date_gmt":"2025-12-09T13:19:38","guid":{"rendered":"https:\/\/tiendaflex.ec\/?post_type=product&#038;p=25767"},"modified":"2025-12-09T10:46:10","modified_gmt":"2025-12-09T15:46:10","slug":"multicooker-digital-hamilton-beach-4-5l-modelo-37571","status":"publish","type":"product","link":"https:\/\/tiendaflex.ec\/en\/product\/multicooker-digital-hamilton-beach-4-5l-modelo-37571\/","title":{"rendered":"MULTICOOKER DIGITAL HAMILTON BEACH 4.5L MODELO 37571"},"content":{"rendered":"","protected":false},"excerpt":{"rendered":"<p>Un multicooker vers\u00e1til para cocinar arroz, sopas, guisos, estofados y m\u00e1s. Con funciones digitales y taz\u00f3n antiadherente, es una herramienta pr\u00e1ctica para cualquier cocina.<\/p>\n<p>Caracter\u00edsticas principales:<br \/>\n\u2714\ufe0f Capacidad 4.5 litros<br \/>\n\u2714\ufe0f M\u00faltiples funciones digitales<br \/>\n\u2714\ufe0f Taz\u00f3n antiadherente<br \/>\n\u2714\ufe0f F\u00e1cil de limpiar<br \/>\n\u2714\ufe0f Ideal para preparaciones variadas<\/p>\n<p>\ud83d\udcde Cont\u00e1ctanos: +593984123231<\/p>","protected":false},"featured_media":25768,"comment_status":"open","ping_status":"closed","template":"","meta":{"_acf_changed":false},"product_brand":[756],"product_cat":[581,549,594],"product_tag":[],"class_list":{"0":"post-25767","1":"product","2":"type-product","3":"status-publish","4":"has-post-thumbnail","6":"product_brand-hamilton-beach","7":"product_cat-cocinas","8":"product_cat-electrodomesticos","9":"product_cat-electromenores","11":"first","12":"instock","13":"sale","14":"taxable","15":"shipping-taxable","16":"purchasable","17":"product-type-simple"},"acf":[],"_links":{"self":[{"href":"https:\/\/tiendaflex.ec\/en\/wp-json\/wp\/v2\/product\/25767","targetHints":{"allow":["GET"]}}],"collection":[{"href":"https:\/\/tiendaflex.ec\/en\/wp-json\/wp\/v2\/product"}],"about":[{"href":"https:\/\/tiendaflex.ec\/en\/wp-json\/wp\/v2\/types\/product"}],"replies":[{"embeddable":true,"href":"https:\/\/tiendaflex.ec\/en\/wp-json\/wp\/v2\/comments?post=25767"}],"version-history":[{"count":3,"href":"https:\/\/tiendaflex.ec\/en\/wp-json\/wp\/v2\/product\/25767\/revisions"}],"predecessor-version":[{"id":25799,"href":"https:\/\/tiendaflex.ec\/en\/wp-json\/wp\/v2\/product\/25767\/revisions\/25799"}],"wp:featuredmedia":[{"embeddable":true,"href":"https:\/\/tiendaflex.ec\/en\/wp-json\/wp\/v2\/media\/25768"}],"wp:attachment":[{"href":"https:\/\/tiendaflex.ec\/en\/wp-json\/wp\/v2\/media?parent=25767"}],"wp:term":[{"taxonomy":"product_brand","embeddable":true,"href":"https:\/\/tiendaflex.ec\/en\/wp-json\/wp\/v2\/product_brand?post=25767"},{"taxonomy":"product_cat","embeddable":true,"href":"https:\/\/tiendaflex.ec\/en\/wp-json\/wp\/v2\/product_cat?post=25767"},{"taxonomy":"product_tag","embeddable":true,"href":"https:\/\/tiendaflex.ec\/en\/wp-json\/wp\/v2\/product_tag?post=25767"}],"curies":[{"name":"wp","href":"https:\/\/api.w.org\/{rel}","templated":true}]}}