{"id":25763,"date":"2025-12-09T08:16:37","date_gmt":"2025-12-09T13:16:37","guid":{"rendered":"https:\/\/tiendaflex.ec\/?post_type=product&#038;p=25763"},"modified":"2025-12-09T10:43:09","modified_gmt":"2025-12-09T15:43:09","slug":"parrilla-plana-hamilton-beach-negra-mod-31605n","status":"publish","type":"product","link":"https:\/\/tiendaflex.ec\/en\/product\/parrilla-plana-hamilton-beach-negra-mod-31605n\/","title":{"rendered":"PARRILLA PLANA HAMILTON BEACH NEGRA MOD 31605N"},"content":{"rendered":"","protected":false},"excerpt":{"rendered":"<p>La parrilla plana Hamilton Beach 31605N ofrece una cocci\u00f3n pareja para carnes, verduras, paninis y m\u00e1s. Su superficie antiadherente y dise\u00f1o moderno facilitan su uso diario.<\/p>\n<p>Caracter\u00edsticas principales:<br \/>\n\u2714\ufe0f Superficie amplia<br \/>\n\u2714\ufe0f Placas antiadherentes<br \/>\n\u2714\ufe0f Cocci\u00f3n uniforme<br \/>\n\u2714\ufe0f Dise\u00f1o moderno<br \/>\n\u2714\ufe0f F\u00e1cil de limpiar<\/p>\n<p>\ud83d\udcde Cont\u00e1ctanos: +593984123231<\/p>","protected":false},"featured_media":25764,"comment_status":"open","ping_status":"closed","template":"","meta":{"_acf_changed":false},"product_brand":[756],"product_cat":[549,572,600,758],"product_tag":[],"class_list":{"0":"post-25763","1":"product","2":"type-product","3":"status-publish","4":"has-post-thumbnail","6":"product_brand-hamilton-beach","7":"product_cat-electrodomesticos","8":"product_cat-encimeras","9":"product_cat-hornos","10":"product_cat-parrillas","12":"first","13":"instock","14":"sale","15":"taxable","16":"shipping-taxable","17":"purchasable","18":"product-type-simple"},"acf":[],"_links":{"self":[{"href":"https:\/\/tiendaflex.ec\/en\/wp-json\/wp\/v2\/product\/25763","targetHints":{"allow":["GET"]}}],"collection":[{"href":"https:\/\/tiendaflex.ec\/en\/wp-json\/wp\/v2\/product"}],"about":[{"href":"https:\/\/tiendaflex.ec\/en\/wp-json\/wp\/v2\/types\/product"}],"replies":[{"embeddable":true,"href":"https:\/\/tiendaflex.ec\/en\/wp-json\/wp\/v2\/comments?post=25763"}],"version-history":[{"count":3,"href":"https:\/\/tiendaflex.ec\/en\/wp-json\/wp\/v2\/product\/25763\/revisions"}],"predecessor-version":[{"id":25795,"href":"https:\/\/tiendaflex.ec\/en\/wp-json\/wp\/v2\/product\/25763\/revisions\/25795"}],"wp:featuredmedia":[{"embeddable":true,"href":"https:\/\/tiendaflex.ec\/en\/wp-json\/wp\/v2\/media\/25764"}],"wp:attachment":[{"href":"https:\/\/tiendaflex.ec\/en\/wp-json\/wp\/v2\/media?parent=25763"}],"wp:term":[{"taxonomy":"product_brand","embeddable":true,"href":"https:\/\/tiendaflex.ec\/en\/wp-json\/wp\/v2\/product_brand?post=25763"},{"taxonomy":"product_cat","embeddable":true,"href":"https:\/\/tiendaflex.ec\/en\/wp-json\/wp\/v2\/product_cat?post=25763"},{"taxonomy":"product_tag","embeddable":true,"href":"https:\/\/tiendaflex.ec\/en\/wp-json\/wp\/v2\/product_tag?post=25763"}],"curies":[{"name":"wp","href":"https:\/\/api.w.org\/{rel}","templated":true}]}}