{"id":25755,"date":"2025-12-09T08:01:55","date_gmt":"2025-12-09T13:01:55","guid":{"rendered":"https:\/\/tiendaflex.ec\/?post_type=product&#038;p=25755"},"modified":"2025-12-09T10:45:09","modified_gmt":"2025-12-09T15:45:09","slug":"extractor-de-jugos-hamilton-beach-modelo-67970","status":"publish","type":"product","link":"https:\/\/tiendaflex.ec\/en\/product\/extractor-de-jugos-hamilton-beach-modelo-67970\/","title":{"rendered":"EXTRACTOR DE JUGOS HAMILTON BEACH MODELO 67970"},"content":{"rendered":"","protected":false},"excerpt":{"rendered":"<p>El extractor 67970 permite preparar jugos naturales de manera r\u00e1pida gracias a su potencia y dise\u00f1o pr\u00e1ctico. Excelente para frutas y vegetales duros.<\/p>\n<p>Caracter\u00edsticas principales:<br \/>\n\u2714\ufe0f Boca ancha para frutas enteras<br \/>\n\u2714\ufe0f F\u00e1cil de limpiar<br \/>\n\u2714\ufe0f Recipiente de pulpa amplio<br \/>\n\u2714\ufe0f Extracci\u00f3n r\u00e1pida<br \/>\n\u2714\ufe0f Dise\u00f1o moderno<\/p>\n<p>\ud83d\udcde Cont\u00e1ctanos: +593984123231<\/p>","protected":false},"featured_media":25756,"comment_status":"open","ping_status":"closed","template":"","meta":{"_acf_changed":false},"product_brand":[756],"product_cat":[549,594],"product_tag":[],"class_list":{"0":"post-25755","1":"product","2":"type-product","3":"status-publish","4":"has-post-thumbnail","6":"product_brand-hamilton-beach","7":"product_cat-electrodomesticos","8":"product_cat-electromenores","10":"first","11":"instock","12":"sale","13":"taxable","14":"shipping-taxable","15":"purchasable","16":"product-type-simple"},"acf":[],"_links":{"self":[{"href":"https:\/\/tiendaflex.ec\/en\/wp-json\/wp\/v2\/product\/25755","targetHints":{"allow":["GET"]}}],"collection":[{"href":"https:\/\/tiendaflex.ec\/en\/wp-json\/wp\/v2\/product"}],"about":[{"href":"https:\/\/tiendaflex.ec\/en\/wp-json\/wp\/v2\/types\/product"}],"replies":[{"embeddable":true,"href":"https:\/\/tiendaflex.ec\/en\/wp-json\/wp\/v2\/comments?post=25755"}],"version-history":[{"count":3,"href":"https:\/\/tiendaflex.ec\/en\/wp-json\/wp\/v2\/product\/25755\/revisions"}],"predecessor-version":[{"id":25797,"href":"https:\/\/tiendaflex.ec\/en\/wp-json\/wp\/v2\/product\/25755\/revisions\/25797"}],"wp:featuredmedia":[{"embeddable":true,"href":"https:\/\/tiendaflex.ec\/en\/wp-json\/wp\/v2\/media\/25756"}],"wp:attachment":[{"href":"https:\/\/tiendaflex.ec\/en\/wp-json\/wp\/v2\/media?parent=25755"}],"wp:term":[{"taxonomy":"product_brand","embeddable":true,"href":"https:\/\/tiendaflex.ec\/en\/wp-json\/wp\/v2\/product_brand?post=25755"},{"taxonomy":"product_cat","embeddable":true,"href":"https:\/\/tiendaflex.ec\/en\/wp-json\/wp\/v2\/product_cat?post=25755"},{"taxonomy":"product_tag","embeddable":true,"href":"https:\/\/tiendaflex.ec\/en\/wp-json\/wp\/v2\/product_tag?post=25755"}],"curies":[{"name":"wp","href":"https:\/\/api.w.org\/{rel}","templated":true}]}}