{"id":25743,"date":"2025-12-09T07:49:36","date_gmt":"2025-12-09T12:49:36","guid":{"rendered":"https:\/\/tiendaflex.ec\/?post_type=product&#038;p=25743"},"modified":"2025-12-09T10:42:34","modified_gmt":"2025-12-09T15:42:34","slug":"cuchillo-electrico-proctor-silex-modelo-74312","status":"publish","type":"product","link":"https:\/\/tiendaflex.ec\/en\/product\/cuchillo-electrico-proctor-silex-modelo-74312\/","title":{"rendered":"CUCHILLO ELECTRICO PROCTOR SILEX MODELO 74312"},"content":{"rendered":"","protected":false},"excerpt":{"rendered":"<p>El cuchillo el\u00e9ctrico Proctor Silex 74312 hace que cortar carnes, panes y aves sea m\u00e1s r\u00e1pido y preciso. Su dise\u00f1o ligero y ergon\u00f3mico lo convierte en una herramienta indispensable en tu cocina.<\/p>\n<p>Caracter\u00edsticas principales:<br \/>\n\u2714\ufe0f Cuchillas de acero inoxidable<br \/>\n\u2714\ufe0f Corte uniforme y r\u00e1pido<br \/>\n\u2714\ufe0f Dise\u00f1o c\u00f3modo y ligero<br \/>\n\u2714\ufe0f Operaci\u00f3n sencilla<br \/>\n\u2714\ufe0f Ideal para carnes, pan y m\u00e1s<\/p>\n<p>\ud83d\udcde Cont\u00e1ctanos: +593984123231<\/p>","protected":false},"featured_media":25744,"comment_status":"open","ping_status":"closed","template":"","meta":{"_acf_changed":false},"product_brand":[756],"product_cat":[549,594],"product_tag":[],"class_list":{"0":"post-25743","1":"product","2":"type-product","3":"status-publish","4":"has-post-thumbnail","6":"product_brand-hamilton-beach","7":"product_cat-electrodomesticos","8":"product_cat-electromenores","10":"first","11":"instock","12":"sale","13":"taxable","14":"shipping-taxable","15":"purchasable","16":"product-type-simple"},"acf":[],"_links":{"self":[{"href":"https:\/\/tiendaflex.ec\/en\/wp-json\/wp\/v2\/product\/25743","targetHints":{"allow":["GET"]}}],"collection":[{"href":"https:\/\/tiendaflex.ec\/en\/wp-json\/wp\/v2\/product"}],"about":[{"href":"https:\/\/tiendaflex.ec\/en\/wp-json\/wp\/v2\/types\/product"}],"replies":[{"embeddable":true,"href":"https:\/\/tiendaflex.ec\/en\/wp-json\/wp\/v2\/comments?post=25743"}],"version-history":[{"count":3,"href":"https:\/\/tiendaflex.ec\/en\/wp-json\/wp\/v2\/product\/25743\/revisions"}],"predecessor-version":[{"id":25793,"href":"https:\/\/tiendaflex.ec\/en\/wp-json\/wp\/v2\/product\/25743\/revisions\/25793"}],"wp:featuredmedia":[{"embeddable":true,"href":"https:\/\/tiendaflex.ec\/en\/wp-json\/wp\/v2\/media\/25744"}],"wp:attachment":[{"href":"https:\/\/tiendaflex.ec\/en\/wp-json\/wp\/v2\/media?parent=25743"}],"wp:term":[{"taxonomy":"product_brand","embeddable":true,"href":"https:\/\/tiendaflex.ec\/en\/wp-json\/wp\/v2\/product_brand?post=25743"},{"taxonomy":"product_cat","embeddable":true,"href":"https:\/\/tiendaflex.ec\/en\/wp-json\/wp\/v2\/product_cat?post=25743"},{"taxonomy":"product_tag","embeddable":true,"href":"https:\/\/tiendaflex.ec\/en\/wp-json\/wp\/v2\/product_tag?post=25743"}],"curies":[{"name":"wp","href":"https:\/\/api.w.org\/{rel}","templated":true}]}}