{"id":25729,"date":"2025-12-08T15:06:06","date_gmt":"2025-12-08T20:06:06","guid":{"rendered":"https:\/\/tiendaflex.ec\/?post_type=product&#038;p=25729"},"modified":"2025-12-09T10:42:03","modified_gmt":"2025-12-09T15:42:03","slug":"cafetera-hamilton-beach-negra-mod-49316g-mx","status":"publish","type":"product","link":"https:\/\/tiendaflex.ec\/en\/product\/cafetera-hamilton-beach-negra-mod-49316g-mx\/","title":{"rendered":"CAFETERA HAMILTON BEACH NEGRA MOD 49316G-MX"},"content":{"rendered":"","protected":false},"excerpt":{"rendered":"<p>Esta cafetera Hamilton Beach ofrece preparaci\u00f3n r\u00e1pida para 12 tazas, filtro reutilizable y ventana de nivel de agua para un uso pr\u00e1ctico y eficiente. Excelente para hogares y oficinas.<\/p>\n<p>Caracter\u00edsticas principales:<br \/>\n\u2714\ufe0f Capacidad 12 tazas<br \/>\n\u2714\ufe0f Filtro reutilizable<br \/>\n\u2714\ufe0f Ventana de nivel de agua<br \/>\n\u2714\ufe0f Jarra de vidrio<br \/>\n\u2714\ufe0f Dise\u00f1o elegante negro<\/p>\n<p>\ud83d\udcde Cont\u00e1ctanos: +593984123231<\/p>","protected":false},"featured_media":25730,"comment_status":"open","ping_status":"closed","template":"","meta":{"_acf_changed":false},"product_brand":[756],"product_cat":[757,549,594],"product_tag":[],"class_list":{"0":"post-25729","1":"product","2":"type-product","3":"status-publish","4":"has-post-thumbnail","6":"product_brand-hamilton-beach","7":"product_cat-cafeteras","8":"product_cat-electrodomesticos","9":"product_cat-electromenores","11":"first","12":"instock","13":"sale","14":"taxable","15":"shipping-taxable","16":"purchasable","17":"product-type-simple"},"acf":[],"_links":{"self":[{"href":"https:\/\/tiendaflex.ec\/en\/wp-json\/wp\/v2\/product\/25729","targetHints":{"allow":["GET"]}}],"collection":[{"href":"https:\/\/tiendaflex.ec\/en\/wp-json\/wp\/v2\/product"}],"about":[{"href":"https:\/\/tiendaflex.ec\/en\/wp-json\/wp\/v2\/types\/product"}],"replies":[{"embeddable":true,"href":"https:\/\/tiendaflex.ec\/en\/wp-json\/wp\/v2\/comments?post=25729"}],"version-history":[{"count":3,"href":"https:\/\/tiendaflex.ec\/en\/wp-json\/wp\/v2\/product\/25729\/revisions"}],"predecessor-version":[{"id":25790,"href":"https:\/\/tiendaflex.ec\/en\/wp-json\/wp\/v2\/product\/25729\/revisions\/25790"}],"wp:featuredmedia":[{"embeddable":true,"href":"https:\/\/tiendaflex.ec\/en\/wp-json\/wp\/v2\/media\/25730"}],"wp:attachment":[{"href":"https:\/\/tiendaflex.ec\/en\/wp-json\/wp\/v2\/media?parent=25729"}],"wp:term":[{"taxonomy":"product_brand","embeddable":true,"href":"https:\/\/tiendaflex.ec\/en\/wp-json\/wp\/v2\/product_brand?post=25729"},{"taxonomy":"product_cat","embeddable":true,"href":"https:\/\/tiendaflex.ec\/en\/wp-json\/wp\/v2\/product_cat?post=25729"},{"taxonomy":"product_tag","embeddable":true,"href":"https:\/\/tiendaflex.ec\/en\/wp-json\/wp\/v2\/product_tag?post=25729"}],"curies":[{"name":"wp","href":"https:\/\/api.w.org\/{rel}","templated":true}]}}