{"id":25719,"date":"2025-12-08T14:57:54","date_gmt":"2025-12-08T19:57:54","guid":{"rendered":"https:\/\/tiendaflex.ec\/?post_type=product&#038;p=25719"},"modified":"2025-12-09T10:41:44","modified_gmt":"2025-12-09T15:41:44","slug":"molino-de-cafe-hamilton-beach-modelo-80350r","status":"publish","type":"product","link":"https:\/\/tiendaflex.ec\/en\/product\/molino-de-cafe-hamilton-beach-modelo-80350r\/","title":{"rendered":"MOLINO DE CAFE HAMILTON BEACH MODELO 80350R"},"content":{"rendered":"","protected":false},"excerpt":{"rendered":"<p>El Hamilton Beach 80350R ofrece molienda uniforme con un dise\u00f1o pr\u00e1ctico y seguro. Ideal para quienes buscan un molino confiable para uso dom\u00e9stico.<\/p>\n<p>Caracter\u00edsticas principales:<br \/>\n\u2714\ufe0f Operaci\u00f3n sencilla<br \/>\n\u2714\ufe0f Molienda uniforme<br \/>\n\u2714\ufe0f Tapa de seguridad<br \/>\n\u2714\ufe0f Compacto y resistente<br \/>\n\u2714\ufe0f F\u00e1cil de limpiar<\/p>\n<p>\ud83d\udcde Cont\u00e1ctanos: +593984123231<\/p>","protected":false},"featured_media":25720,"comment_status":"open","ping_status":"closed","template":"","meta":{"_acf_changed":false},"product_brand":[756],"product_cat":[549,594],"product_tag":[],"class_list":{"0":"post-25719","1":"product","2":"type-product","3":"status-publish","4":"has-post-thumbnail","6":"product_brand-hamilton-beach","7":"product_cat-electrodomesticos","8":"product_cat-electromenores","10":"first","11":"instock","12":"sale","13":"taxable","14":"shipping-taxable","15":"purchasable","16":"product-type-simple"},"acf":[],"_links":{"self":[{"href":"https:\/\/tiendaflex.ec\/en\/wp-json\/wp\/v2\/product\/25719","targetHints":{"allow":["GET"]}}],"collection":[{"href":"https:\/\/tiendaflex.ec\/en\/wp-json\/wp\/v2\/product"}],"about":[{"href":"https:\/\/tiendaflex.ec\/en\/wp-json\/wp\/v2\/types\/product"}],"replies":[{"embeddable":true,"href":"https:\/\/tiendaflex.ec\/en\/wp-json\/wp\/v2\/comments?post=25719"}],"version-history":[{"count":3,"href":"https:\/\/tiendaflex.ec\/en\/wp-json\/wp\/v2\/product\/25719\/revisions"}],"predecessor-version":[{"id":25789,"href":"https:\/\/tiendaflex.ec\/en\/wp-json\/wp\/v2\/product\/25719\/revisions\/25789"}],"wp:featuredmedia":[{"embeddable":true,"href":"https:\/\/tiendaflex.ec\/en\/wp-json\/wp\/v2\/media\/25720"}],"wp:attachment":[{"href":"https:\/\/tiendaflex.ec\/en\/wp-json\/wp\/v2\/media?parent=25719"}],"wp:term":[{"taxonomy":"product_brand","embeddable":true,"href":"https:\/\/tiendaflex.ec\/en\/wp-json\/wp\/v2\/product_brand?post=25719"},{"taxonomy":"product_cat","embeddable":true,"href":"https:\/\/tiendaflex.ec\/en\/wp-json\/wp\/v2\/product_cat?post=25719"},{"taxonomy":"product_tag","embeddable":true,"href":"https:\/\/tiendaflex.ec\/en\/wp-json\/wp\/v2\/product_tag?post=25719"}],"curies":[{"name":"wp","href":"https:\/\/api.w.org\/{rel}","templated":true}]}}