{"id":25702,"date":"2025-12-08T14:36:42","date_gmt":"2025-12-08T19:36:42","guid":{"rendered":"https:\/\/tiendaflex.ec\/?post_type=product&#038;p=25702"},"modified":"2025-12-09T10:40:58","modified_gmt":"2025-12-09T15:40:58","slug":"batidora-electrica-hamilton-beach-negra-mod-hb-62651","status":"publish","type":"product","link":"https:\/\/tiendaflex.ec\/en\/product\/batidora-electrica-hamilton-beach-negra-mod-hb-62651\/","title":{"rendered":"BATIDORA ELECTRICA HAMILTON BEACH NEGRA MOD HB 62651"},"content":{"rendered":"","protected":false},"excerpt":{"rendered":"<p>Ideal para reposter\u00eda y mezclas diarias. La batidora Hamilton Beach 62651 incluye accesorios esenciales y un dise\u00f1o c\u00f3modo para un uso f\u00e1cil.<\/p>\n<p>Caracter\u00edsticas principales:<br \/>\n\u2714\ufe0f Potencia 120W<br \/>\n\u2714\ufe0f 5 velocidades<br \/>\n\u2714\ufe0f Funci\u00f3n QuickBurst<br \/>\n\u2714\ufe0f Cable giratorio con bloqueo<br \/>\n\u2714\ufe0f Incluye 2 batidores + batidor adicional<\/p>\n<p>\ud83d\udcde Cont\u00e1ctanos: +593984123231<\/p>","protected":false},"featured_media":25703,"comment_status":"open","ping_status":"closed","template":"","meta":{"_acf_changed":false},"product_brand":[756],"product_cat":[549,594],"product_tag":[],"class_list":{"0":"post-25702","1":"product","2":"type-product","3":"status-publish","4":"has-post-thumbnail","6":"product_brand-hamilton-beach","7":"product_cat-electrodomesticos","8":"product_cat-electromenores","10":"first","11":"instock","12":"sale","13":"taxable","14":"shipping-taxable","15":"purchasable","16":"product-type-simple"},"acf":[],"_links":{"self":[{"href":"https:\/\/tiendaflex.ec\/en\/wp-json\/wp\/v2\/product\/25702","targetHints":{"allow":["GET"]}}],"collection":[{"href":"https:\/\/tiendaflex.ec\/en\/wp-json\/wp\/v2\/product"}],"about":[{"href":"https:\/\/tiendaflex.ec\/en\/wp-json\/wp\/v2\/types\/product"}],"replies":[{"embeddable":true,"href":"https:\/\/tiendaflex.ec\/en\/wp-json\/wp\/v2\/comments?post=25702"}],"version-history":[{"count":3,"href":"https:\/\/tiendaflex.ec\/en\/wp-json\/wp\/v2\/product\/25702\/revisions"}],"predecessor-version":[{"id":25785,"href":"https:\/\/tiendaflex.ec\/en\/wp-json\/wp\/v2\/product\/25702\/revisions\/25785"}],"wp:featuredmedia":[{"embeddable":true,"href":"https:\/\/tiendaflex.ec\/en\/wp-json\/wp\/v2\/media\/25703"}],"wp:attachment":[{"href":"https:\/\/tiendaflex.ec\/en\/wp-json\/wp\/v2\/media?parent=25702"}],"wp:term":[{"taxonomy":"product_brand","embeddable":true,"href":"https:\/\/tiendaflex.ec\/en\/wp-json\/wp\/v2\/product_brand?post=25702"},{"taxonomy":"product_cat","embeddable":true,"href":"https:\/\/tiendaflex.ec\/en\/wp-json\/wp\/v2\/product_cat?post=25702"},{"taxonomy":"product_tag","embeddable":true,"href":"https:\/\/tiendaflex.ec\/en\/wp-json\/wp\/v2\/product_tag?post=25702"}],"curies":[{"name":"wp","href":"https:\/\/api.w.org\/{rel}","templated":true}]}}