{"id":25667,"date":"2025-12-08T13:14:01","date_gmt":"2025-12-08T18:14:01","guid":{"rendered":"https:\/\/tiendaflex.ec\/?post_type=product&#038;p=25667"},"modified":"2025-12-09T10:35:51","modified_gmt":"2025-12-09T15:35:51","slug":"arrocera-proctor-silex-10-tz-modelo-37533","status":"publish","type":"product","link":"https:\/\/tiendaflex.ec\/en\/product\/arrocera-proctor-silex-10-tz-modelo-37533\/","title":{"rendered":"ARROCERA PROCTOR SILEX 10 tz MODELO 37533"},"content":{"rendered":"","protected":false},"excerpt":{"rendered":"<p>La arrocera Proctor Silex 10 tazas es ideal para familias que buscan practicidad diaria. Cocina arroz de manera uniforme y autom\u00e1tica, e incluye una cesta para cocci\u00f3n al vapor para preparar acompa\u00f1amientos saludables. Su taz\u00f3n antiadherente facilita la limpieza.<\/p>\n<p>Caracter\u00edsticas principales:<br \/>\n\u2714\ufe0f Capacidad: 10 tazas<br \/>\n\u2714\ufe0f Incluye cesta para vapor<br \/>\n\u2714\ufe0f Taz\u00f3n antiadherente<br \/>\n\u2714\ufe0f Tapa de vidrio templado<br \/>\n\u2714\ufe0f Funci\u00f3n autom\u00e1tica \u201cmantener caliente\u201d<\/p>\n<p>\ud83d\udcde Cont\u00e1ctanos: +593984123231<\/p>","protected":false},"featured_media":25663,"comment_status":"open","ping_status":"closed","template":"","meta":{"_acf_changed":false},"product_brand":[756],"product_cat":[549,594],"product_tag":[],"class_list":{"0":"post-25667","1":"product","2":"type-product","3":"status-publish","4":"has-post-thumbnail","6":"product_brand-hamilton-beach","7":"product_cat-electrodomesticos","8":"product_cat-electromenores","10":"first","11":"instock","12":"sale","13":"taxable","14":"shipping-taxable","15":"purchasable","16":"product-type-simple"},"acf":[],"_links":{"self":[{"href":"https:\/\/tiendaflex.ec\/en\/wp-json\/wp\/v2\/product\/25667","targetHints":{"allow":["GET"]}}],"collection":[{"href":"https:\/\/tiendaflex.ec\/en\/wp-json\/wp\/v2\/product"}],"about":[{"href":"https:\/\/tiendaflex.ec\/en\/wp-json\/wp\/v2\/types\/product"}],"replies":[{"embeddable":true,"href":"https:\/\/tiendaflex.ec\/en\/wp-json\/wp\/v2\/comments?post=25667"}],"version-history":[{"count":5,"href":"https:\/\/tiendaflex.ec\/en\/wp-json\/wp\/v2\/product\/25667\/revisions"}],"predecessor-version":[{"id":25776,"href":"https:\/\/tiendaflex.ec\/en\/wp-json\/wp\/v2\/product\/25667\/revisions\/25776"}],"wp:featuredmedia":[{"embeddable":true,"href":"https:\/\/tiendaflex.ec\/en\/wp-json\/wp\/v2\/media\/25663"}],"wp:attachment":[{"href":"https:\/\/tiendaflex.ec\/en\/wp-json\/wp\/v2\/media?parent=25667"}],"wp:term":[{"taxonomy":"product_brand","embeddable":true,"href":"https:\/\/tiendaflex.ec\/en\/wp-json\/wp\/v2\/product_brand?post=25667"},{"taxonomy":"product_cat","embeddable":true,"href":"https:\/\/tiendaflex.ec\/en\/wp-json\/wp\/v2\/product_cat?post=25667"},{"taxonomy":"product_tag","embeddable":true,"href":"https:\/\/tiendaflex.ec\/en\/wp-json\/wp\/v2\/product_tag?post=25667"}],"curies":[{"name":"wp","href":"https:\/\/api.w.org\/{rel}","templated":true}]}}