{"id":25644,"date":"2025-10-17T16:42:08","date_gmt":"2025-10-17T21:42:08","guid":{"rendered":"https:\/\/tiendaflex.ec\/?post_type=product&#038;p=25644"},"modified":"2025-10-17T16:42:08","modified_gmt":"2025-10-17T21:42:08","slug":"tyg-parlante-bluetooth","status":"publish","type":"product","link":"https:\/\/tiendaflex.ec\/en\/product\/tyg-parlante-bluetooth\/","title":{"rendered":"TYG &#8211; PARLANTE BLUETOOTH"},"content":{"rendered":"","protected":false},"excerpt":{"rendered":"<p>PARLANTE BLUETOOTH PORT\u00c1TIL TYG<\/p>\n<p>\u00a1Lleva tu m\u00fasica a donde quieras con comodidad y estilo! \ud83c\udfb6 Compacto, potente y listo para acompa\u00f1arte todo el d\u00eda.<\/p>\n<p>\ud83d\udd39 Caracter\u00edsticas destacadas:<br \/>\n\u2714\ufe0f Bluetooth para conexi\u00f3n inal\u00e1mbrica r\u00e1pida \ud83d\udcf1<br \/>\n\u2714\ufe0f Tiempo de reproducci\u00f3n: 3-4 horas \u23f1\ufe0f<br \/>\n\u2714\ufe0f Voltaje: 3,7V \u26a1<br \/>\n\u2714\ufe0f Soporta tarjetas micro SD y USB, reproducci\u00f3n de MP3 \ud83d\udcbe<br \/>\n\u2714\ufe0f Incluye cable de carga \ud83d\udd0c<br \/>\n\u2714\ufe0f Colores disponibles: Rojo y Negro \u2764\ufe0f\ud83d\udda4<\/p>\n<p>\ud83d\udcde Contacto: +593984123231<\/p>\n<p>\ud83c\udfb5 Disfruta de tu m\u00fasica favorita en cualquier lugar con estilo y libertad!<\/p>","protected":false},"featured_media":25621,"comment_status":"open","ping_status":"closed","template":"","meta":{"_acf_changed":false},"product_brand":[],"product_cat":[608,549],"product_tag":[],"class_list":{"0":"post-25644","1":"product","2":"type-product","3":"status-publish","4":"has-post-thumbnail","6":"product_cat-audio-y-sonido","7":"product_cat-electrodomesticos","9":"first","10":"instock","11":"sale","12":"taxable","13":"shipping-taxable","14":"purchasable","15":"product-type-simple"},"acf":[],"_links":{"self":[{"href":"https:\/\/tiendaflex.ec\/en\/wp-json\/wp\/v2\/product\/25644","targetHints":{"allow":["GET"]}}],"collection":[{"href":"https:\/\/tiendaflex.ec\/en\/wp-json\/wp\/v2\/product"}],"about":[{"href":"https:\/\/tiendaflex.ec\/en\/wp-json\/wp\/v2\/types\/product"}],"replies":[{"embeddable":true,"href":"https:\/\/tiendaflex.ec\/en\/wp-json\/wp\/v2\/comments?post=25644"}],"version-history":[{"count":1,"href":"https:\/\/tiendaflex.ec\/en\/wp-json\/wp\/v2\/product\/25644\/revisions"}],"predecessor-version":[{"id":25645,"href":"https:\/\/tiendaflex.ec\/en\/wp-json\/wp\/v2\/product\/25644\/revisions\/25645"}],"wp:featuredmedia":[{"embeddable":true,"href":"https:\/\/tiendaflex.ec\/en\/wp-json\/wp\/v2\/media\/25621"}],"wp:attachment":[{"href":"https:\/\/tiendaflex.ec\/en\/wp-json\/wp\/v2\/media?parent=25644"}],"wp:term":[{"taxonomy":"product_brand","embeddable":true,"href":"https:\/\/tiendaflex.ec\/en\/wp-json\/wp\/v2\/product_brand?post=25644"},{"taxonomy":"product_cat","embeddable":true,"href":"https:\/\/tiendaflex.ec\/en\/wp-json\/wp\/v2\/product_cat?post=25644"},{"taxonomy":"product_tag","embeddable":true,"href":"https:\/\/tiendaflex.ec\/en\/wp-json\/wp\/v2\/product_tag?post=25644"}],"curies":[{"name":"wp","href":"https:\/\/api.w.org\/{rel}","templated":true}]}}