{"id":25625,"date":"2025-10-17T16:25:12","date_gmt":"2025-10-17T21:25:12","guid":{"rendered":"https:\/\/tiendaflex.ec\/?post_type=product&#038;p=25625"},"modified":"2025-10-17T16:25:12","modified_gmt":"2025-10-17T21:25:12","slug":"ys-007-lonchera-electrica","status":"publish","type":"product","link":"https:\/\/tiendaflex.ec\/en\/product\/ys-007-lonchera-electrica\/","title":{"rendered":"YS-007 &#8211; LONCHERA EL\u00c9CTRICA"},"content":{"rendered":"","protected":false},"excerpt":{"rendered":"<p>LONCHERA EL\u00c9CTRICA YS-007<\/p>\n<p>\u00a1Tu comida caliente donde sea que est\u00e9s! \ud83d\udd25 Ideal para la oficina, el trabajo o tus viajes.<\/p>\n<p>\ud83d\udd39 Caracter\u00edsticas destacadas:<br \/>\n\u2714\ufe0f Voltaje: 110V \u26a1<br \/>\n\u2714\ufe0f Capacidad: 0.85 L \ud83c\udf72<br \/>\n\u2714\ufe0f Dimensiones compactas: 140 \u00d7 103 \u00d7 190 mm \ud83d\udccf<br \/>\n\u2714\ufe0f Dise\u00f1o pr\u00e1ctico y f\u00e1cil de transportar \ud83d\ude97<br \/>\n\u2714\ufe0f Calienta tus alimentos de forma segura y r\u00e1pida<\/p>\n<p>\ud83d\udcde Contacto: +593984123231<\/p>\n<p>\u2728 Calienta tus comidas en minutos y disfruta como en casa.<\/p>","protected":false},"featured_media":25616,"comment_status":"open","ping_status":"closed","template":"","meta":{"_acf_changed":false},"product_brand":[],"product_cat":[549,594],"product_tag":[],"class_list":{"0":"post-25625","1":"product","2":"type-product","3":"status-publish","4":"has-post-thumbnail","6":"product_cat-electrodomesticos","7":"product_cat-electromenores","9":"first","10":"instock","11":"sale","12":"taxable","13":"shipping-taxable","14":"purchasable","15":"product-type-simple"},"acf":[],"_links":{"self":[{"href":"https:\/\/tiendaflex.ec\/en\/wp-json\/wp\/v2\/product\/25625","targetHints":{"allow":["GET"]}}],"collection":[{"href":"https:\/\/tiendaflex.ec\/en\/wp-json\/wp\/v2\/product"}],"about":[{"href":"https:\/\/tiendaflex.ec\/en\/wp-json\/wp\/v2\/types\/product"}],"replies":[{"embeddable":true,"href":"https:\/\/tiendaflex.ec\/en\/wp-json\/wp\/v2\/comments?post=25625"}],"version-history":[{"count":1,"href":"https:\/\/tiendaflex.ec\/en\/wp-json\/wp\/v2\/product\/25625\/revisions"}],"predecessor-version":[{"id":25626,"href":"https:\/\/tiendaflex.ec\/en\/wp-json\/wp\/v2\/product\/25625\/revisions\/25626"}],"wp:featuredmedia":[{"embeddable":true,"href":"https:\/\/tiendaflex.ec\/en\/wp-json\/wp\/v2\/media\/25616"}],"wp:attachment":[{"href":"https:\/\/tiendaflex.ec\/en\/wp-json\/wp\/v2\/media?parent=25625"}],"wp:term":[{"taxonomy":"product_brand","embeddable":true,"href":"https:\/\/tiendaflex.ec\/en\/wp-json\/wp\/v2\/product_brand?post=25625"},{"taxonomy":"product_cat","embeddable":true,"href":"https:\/\/tiendaflex.ec\/en\/wp-json\/wp\/v2\/product_cat?post=25625"},{"taxonomy":"product_tag","embeddable":true,"href":"https:\/\/tiendaflex.ec\/en\/wp-json\/wp\/v2\/product_tag?post=25625"}],"curies":[{"name":"wp","href":"https:\/\/api.w.org\/{rel}","templated":true}]}}