{"id":25601,"date":"2025-10-16T20:44:04","date_gmt":"2025-10-17T01:44:04","guid":{"rendered":"https:\/\/tiendaflex.ec\/?post_type=product&#038;p=25601"},"modified":"2025-10-16T20:44:05","modified_gmt":"2025-10-17T01:44:05","slug":"lpv9-parlante-bluetooth","status":"publish","type":"product","link":"https:\/\/tiendaflex.ec\/en\/product\/lpv9-parlante-bluetooth\/","title":{"rendered":"LPV9 &#8211; PARLANTE BLUETOOTH"},"content":{"rendered":"","protected":false},"excerpt":{"rendered":"<p>PARLANTE BLUETOOTH LPV9<\/p>\n<p>\u00a1Lleva tu m\u00fasica a cualquier lugar con estilo y potencia! \ud83c\udfb6 Compacto, port\u00e1til y funcional, perfecto para uso diario o exteriores.<\/p>\n<p>\ud83d\udd39 Caracter\u00edsticas destacadas:<br \/>\n\u2714\ufe0f Duraci\u00f3n de bater\u00eda: 3 a 5 horas \ud83d\udd0b<br \/>\n\u2714\ufe0f Potencia: 8W \u00d7 2<br \/>\n\u2714\ufe0f Bater\u00eda de litio incorporada<br \/>\n\u2714\ufe0f Conexiones: puerto de carga USB y entrada auxiliar \ud83d\udd0c<br \/>\n\u2714\ufe0f Dise\u00f1o port\u00e1til y f\u00e1cil de transportar<\/p>\n<p>\ud83d\udcde Contacto: +593984123231<\/p>\n<p>\ud83c\udfb5 Sonido potente y port\u00e1til para disfrutar tu m\u00fasica en cualquier momento!<\/p>","protected":false},"featured_media":25566,"comment_status":"open","ping_status":"closed","template":"","meta":{"_acf_changed":false},"product_brand":[],"product_cat":[608,549],"product_tag":[],"class_list":{"0":"post-25601","1":"product","2":"type-product","3":"status-publish","4":"has-post-thumbnail","6":"product_cat-audio-y-sonido","7":"product_cat-electrodomesticos","9":"first","10":"instock","11":"sale","12":"taxable","13":"shipping-taxable","14":"purchasable","15":"product-type-simple"},"acf":[],"_links":{"self":[{"href":"https:\/\/tiendaflex.ec\/en\/wp-json\/wp\/v2\/product\/25601","targetHints":{"allow":["GET"]}}],"collection":[{"href":"https:\/\/tiendaflex.ec\/en\/wp-json\/wp\/v2\/product"}],"about":[{"href":"https:\/\/tiendaflex.ec\/en\/wp-json\/wp\/v2\/types\/product"}],"replies":[{"embeddable":true,"href":"https:\/\/tiendaflex.ec\/en\/wp-json\/wp\/v2\/comments?post=25601"}],"version-history":[{"count":1,"href":"https:\/\/tiendaflex.ec\/en\/wp-json\/wp\/v2\/product\/25601\/revisions"}],"predecessor-version":[{"id":25603,"href":"https:\/\/tiendaflex.ec\/en\/wp-json\/wp\/v2\/product\/25601\/revisions\/25603"}],"wp:featuredmedia":[{"embeddable":true,"href":"https:\/\/tiendaflex.ec\/en\/wp-json\/wp\/v2\/media\/25566"}],"wp:attachment":[{"href":"https:\/\/tiendaflex.ec\/en\/wp-json\/wp\/v2\/media?parent=25601"}],"wp:term":[{"taxonomy":"product_brand","embeddable":true,"href":"https:\/\/tiendaflex.ec\/en\/wp-json\/wp\/v2\/product_brand?post=25601"},{"taxonomy":"product_cat","embeddable":true,"href":"https:\/\/tiendaflex.ec\/en\/wp-json\/wp\/v2\/product_cat?post=25601"},{"taxonomy":"product_tag","embeddable":true,"href":"https:\/\/tiendaflex.ec\/en\/wp-json\/wp\/v2\/product_tag?post=25601"}],"curies":[{"name":"wp","href":"https:\/\/api.w.org\/{rel}","templated":true}]}}