{"id":25585,"date":"2025-10-16T20:23:13","date_gmt":"2025-10-17T01:23:13","guid":{"rendered":"https:\/\/tiendaflex.ec\/?post_type=product&#038;p=25585"},"modified":"2025-10-16T20:33:19","modified_gmt":"2025-10-17T01:33:19","slug":"1500w-freidora-de-aire","status":"publish","type":"product","link":"https:\/\/tiendaflex.ec\/en\/product\/1500w-freidora-de-aire\/","title":{"rendered":"1500W &#8211; FREIDORA DE AIRE RCA"},"content":{"rendered":"","protected":false},"excerpt":{"rendered":"<p>FREIDORA DE AIRE \/ HORNO 12L \u2013 TOUCH 1500W \ud83c\udf5f<\/p>\n<p>\u2728 \u00a1Cocina saludable, r\u00e1pida y sin aceite!<br \/>\nDisfruta de tus comidas favoritas con menos grasa y m\u00e1s sabor gracias a esta freidora de aire con funci\u00f3n de horno y panel t\u00e1ctil moderno.<\/p>\n<p>\ud83d\udd39 Caracter\u00edsticas destacadas:<br \/>\n\u2714\ufe0f Capacidad: 12 litros<br \/>\n\u2714\ufe0f Potencia: 1500W<br \/>\n\u2714\ufe0f Panel t\u00e1ctil (Touch) f\u00e1cil de usar<br \/>\n\u2714\ufe0f Multifunci\u00f3n: fr\u00ede, hornea, asa y calienta<br \/>\n\u2714\ufe0f Circulaci\u00f3n de aire caliente 360\u00b0 para cocci\u00f3n uniforme<br \/>\n\u2714\ufe0f Dise\u00f1o moderno y compacto<br \/>\n\u2714\ufe0f Eficiente y de bajo consumo energ\u00e9tico<\/p>\n<p>\ud83d\udcde Contacto: +593984123231<\/p>\n<p>\ud83d\udd25 Tu cocina, m\u00e1s pr\u00e1ctica y saludable.<\/p>","protected":false},"featured_media":25564,"comment_status":"open","ping_status":"closed","template":"","meta":{"_acf_changed":false},"product_brand":[],"product_cat":[549,560],"product_tag":[],"class_list":{"0":"post-25585","1":"product","2":"type-product","3":"status-publish","4":"has-post-thumbnail","6":"product_cat-electrodomesticos","7":"product_cat-freidoras-de-aire","9":"first","10":"instock","11":"sale","12":"taxable","13":"shipping-taxable","14":"purchasable","15":"product-type-simple"},"acf":[],"_links":{"self":[{"href":"https:\/\/tiendaflex.ec\/en\/wp-json\/wp\/v2\/product\/25585","targetHints":{"allow":["GET"]}}],"collection":[{"href":"https:\/\/tiendaflex.ec\/en\/wp-json\/wp\/v2\/product"}],"about":[{"href":"https:\/\/tiendaflex.ec\/en\/wp-json\/wp\/v2\/types\/product"}],"replies":[{"embeddable":true,"href":"https:\/\/tiendaflex.ec\/en\/wp-json\/wp\/v2\/comments?post=25585"}],"version-history":[{"count":2,"href":"https:\/\/tiendaflex.ec\/en\/wp-json\/wp\/v2\/product\/25585\/revisions"}],"predecessor-version":[{"id":25590,"href":"https:\/\/tiendaflex.ec\/en\/wp-json\/wp\/v2\/product\/25585\/revisions\/25590"}],"wp:featuredmedia":[{"embeddable":true,"href":"https:\/\/tiendaflex.ec\/en\/wp-json\/wp\/v2\/media\/25564"}],"wp:attachment":[{"href":"https:\/\/tiendaflex.ec\/en\/wp-json\/wp\/v2\/media?parent=25585"}],"wp:term":[{"taxonomy":"product_brand","embeddable":true,"href":"https:\/\/tiendaflex.ec\/en\/wp-json\/wp\/v2\/product_brand?post=25585"},{"taxonomy":"product_cat","embeddable":true,"href":"https:\/\/tiendaflex.ec\/en\/wp-json\/wp\/v2\/product_cat?post=25585"},{"taxonomy":"product_tag","embeddable":true,"href":"https:\/\/tiendaflex.ec\/en\/wp-json\/wp\/v2\/product_tag?post=25585"}],"curies":[{"name":"wp","href":"https:\/\/api.w.org\/{rel}","templated":true}]}}