{"id":25549,"date":"2025-10-15T18:43:26","date_gmt":"2025-10-15T23:43:26","guid":{"rendered":"https:\/\/tiendaflex.ec\/?post_type=product&#038;p=25549"},"modified":"2025-10-15T18:43:27","modified_gmt":"2025-10-15T23:43:27","slug":"auricular-pro-5s-tws","status":"publish","type":"product","link":"https:\/\/tiendaflex.ec\/en\/product\/auricular-pro-5s-tws\/","title":{"rendered":"AURICULAR PRO 5S TWS"},"content":{"rendered":"","protected":false},"excerpt":{"rendered":"<p>AURICULAR PRO 5S TWS CON ESTUCHE DE CARGA<\/p>\n<p>Disfruta de tu m\u00fasica y llamadas con libertad total y calidad profesional \ud83c\udfb6\ud83d\udcf1<\/p>\n<p>\u2714\ufe0f Versi\u00f3n Bluetooth V5 para conexi\u00f3n r\u00e1pida y estable<br \/>\n\u2714\ufe0f Conectividad inal\u00e1mbrica TWS (True Wireless Stereo)<br \/>\n\u2714\ufe0f Color elegante blanco<br \/>\n\u2714\ufe0f Tiempo de m\u00fasica: 4 horas | Tiempo en espera: 120 horas<br \/>\n\u2714\ufe0f Tiempo de carga: 1 hora<br \/>\n\u2714\ufe0f Distancia de transmisi\u00f3n: hasta 15 metros<\/p>\n<p>\ud83d\udcf2 Contacto: +593984123231<\/p>\n<p>\ud83c\udfb5 \u00a1Lleva tu m\u00fasica a todas partes con comodidad y estilo!<\/p>","protected":false},"featured_media":25523,"comment_status":"open","ping_status":"closed","template":"","meta":{"_acf_changed":false},"product_brand":[],"product_cat":[682,633],"product_tag":[],"class_list":{"0":"post-25549","1":"product","2":"type-product","3":"status-publish","4":"has-post-thumbnail","6":"product_cat-audifonos","7":"product_cat-tecnologia","9":"first","10":"instock","11":"sale","12":"taxable","13":"shipping-taxable","14":"purchasable","15":"product-type-simple"},"acf":[],"_links":{"self":[{"href":"https:\/\/tiendaflex.ec\/en\/wp-json\/wp\/v2\/product\/25549","targetHints":{"allow":["GET"]}}],"collection":[{"href":"https:\/\/tiendaflex.ec\/en\/wp-json\/wp\/v2\/product"}],"about":[{"href":"https:\/\/tiendaflex.ec\/en\/wp-json\/wp\/v2\/types\/product"}],"replies":[{"embeddable":true,"href":"https:\/\/tiendaflex.ec\/en\/wp-json\/wp\/v2\/comments?post=25549"}],"version-history":[{"count":1,"href":"https:\/\/tiendaflex.ec\/en\/wp-json\/wp\/v2\/product\/25549\/revisions"}],"predecessor-version":[{"id":25550,"href":"https:\/\/tiendaflex.ec\/en\/wp-json\/wp\/v2\/product\/25549\/revisions\/25550"}],"wp:featuredmedia":[{"embeddable":true,"href":"https:\/\/tiendaflex.ec\/en\/wp-json\/wp\/v2\/media\/25523"}],"wp:attachment":[{"href":"https:\/\/tiendaflex.ec\/en\/wp-json\/wp\/v2\/media?parent=25549"}],"wp:term":[{"taxonomy":"product_brand","embeddable":true,"href":"https:\/\/tiendaflex.ec\/en\/wp-json\/wp\/v2\/product_brand?post=25549"},{"taxonomy":"product_cat","embeddable":true,"href":"https:\/\/tiendaflex.ec\/en\/wp-json\/wp\/v2\/product_cat?post=25549"},{"taxonomy":"product_tag","embeddable":true,"href":"https:\/\/tiendaflex.ec\/en\/wp-json\/wp\/v2\/product_tag?post=25549"}],"curies":[{"name":"wp","href":"https:\/\/api.w.org\/{rel}","templated":true}]}}