{"id":25532,"date":"2025-10-15T18:21:05","date_gmt":"2025-10-15T23:21:05","guid":{"rendered":"https:\/\/tiendaflex.ec\/?post_type=product&#038;p=25532"},"modified":"2025-10-15T18:21:06","modified_gmt":"2025-10-15T23:21:06","slug":"microfono-de-solapa","status":"publish","type":"product","link":"https:\/\/tiendaflex.ec\/en\/product\/microfono-de-solapa\/","title":{"rendered":"MICR\u00d3FONO DE SOLAPA"},"content":{"rendered":"","protected":false},"excerpt":{"rendered":"<p>MICR\u00d3FONO DE SOLAPA TIPO IPHONE X2 | INAL\u00c1MBRICO<\/p>\n<p>\u00a1Graba con libertad y calidad profesional! \ud83c\udfac Este set de micr\u00f3fonos inal\u00e1mbricos doble es perfecto para creadores de contenido, clases online, entrevistas o transmisiones en vivo desde tu iPhone.<\/p>\n<p>\u2714\ufe0f Incluye 2 micr\u00f3fonos inal\u00e1mbricos \ud83c\udf99\ufe0f<br \/>\n\u2714\ufe0f Conexi\u00f3n Plug &amp; Play, sin configuraciones complicadas<br \/>\n\u2714\ufe0f Alcance de recepci\u00f3n hasta 20 metros \ud83d\udce1<br \/>\n\u2714\ufe0f Pantalla LCD grande para visualizar el estado de conexi\u00f3n y bater\u00eda<br \/>\n\u2714\ufe0f Incluye cable tipo C para carga \u26a1<br \/>\n\u2714\ufe0f Caja de carga tipo iPhone<\/p>\n<p>\ud83d\udcf2 Contacto: +593984123231<\/p>\n<p>\ud83c\udfa7 \u00a1Lleva tu contenido al siguiente nivel con sonido claro y sin cables!<\/p>","protected":false},"featured_media":25517,"comment_status":"open","ping_status":"closed","template":"","meta":{"_acf_changed":false},"product_brand":[],"product_cat":[754,633],"product_tag":[],"class_list":{"0":"post-25532","1":"product","2":"type-product","3":"status-publish","4":"has-post-thumbnail","6":"product_cat-microfonos","7":"product_cat-tecnologia","9":"first","10":"instock","11":"sale","12":"taxable","13":"shipping-taxable","14":"purchasable","15":"product-type-simple"},"acf":[],"_links":{"self":[{"href":"https:\/\/tiendaflex.ec\/en\/wp-json\/wp\/v2\/product\/25532","targetHints":{"allow":["GET"]}}],"collection":[{"href":"https:\/\/tiendaflex.ec\/en\/wp-json\/wp\/v2\/product"}],"about":[{"href":"https:\/\/tiendaflex.ec\/en\/wp-json\/wp\/v2\/types\/product"}],"replies":[{"embeddable":true,"href":"https:\/\/tiendaflex.ec\/en\/wp-json\/wp\/v2\/comments?post=25532"}],"version-history":[{"count":1,"href":"https:\/\/tiendaflex.ec\/en\/wp-json\/wp\/v2\/product\/25532\/revisions"}],"predecessor-version":[{"id":25533,"href":"https:\/\/tiendaflex.ec\/en\/wp-json\/wp\/v2\/product\/25532\/revisions\/25533"}],"wp:featuredmedia":[{"embeddable":true,"href":"https:\/\/tiendaflex.ec\/en\/wp-json\/wp\/v2\/media\/25517"}],"wp:attachment":[{"href":"https:\/\/tiendaflex.ec\/en\/wp-json\/wp\/v2\/media?parent=25532"}],"wp:term":[{"taxonomy":"product_brand","embeddable":true,"href":"https:\/\/tiendaflex.ec\/en\/wp-json\/wp\/v2\/product_brand?post=25532"},{"taxonomy":"product_cat","embeddable":true,"href":"https:\/\/tiendaflex.ec\/en\/wp-json\/wp\/v2\/product_cat?post=25532"},{"taxonomy":"product_tag","embeddable":true,"href":"https:\/\/tiendaflex.ec\/en\/wp-json\/wp\/v2\/product_tag?post=25532"}],"curies":[{"name":"wp","href":"https:\/\/api.w.org\/{rel}","templated":true}]}}