{"id":25509,"date":"2025-10-14T23:30:50","date_gmt":"2025-10-15T04:30:50","guid":{"rendered":"https:\/\/tiendaflex.ec\/?post_type=product&#038;p=25509"},"modified":"2025-10-14T23:30:51","modified_gmt":"2025-10-15T04:30:51","slug":"sopladora-de-800w","status":"publish","type":"product","link":"https:\/\/tiendaflex.ec\/en\/product\/sopladora-de-800w\/","title":{"rendered":"SOPLADORA DE 800W"},"content":{"rendered":"","protected":false},"excerpt":{"rendered":"<p>Mant\u00e9n tus equipos y espacios limpios de manera r\u00e1pida y eficiente \u26a1\ud83d\udcbb\ud83c\udfe1<\/p>\n<p>\u2714\ufe0f Potencia de 800 Watts (110V, 60Hz)<br \/>\n\u2714\ufe0f Velocidad: 16.000 RPM para un soplado potente<br \/>\n\u2714\ufe0f Amperaje: 4.5 Amp<br \/>\n\u2714\ufe0f Ideal para limpiar computadoras, hogar, jard\u00edn, veh\u00edculos y m\u00e1s<br \/>\n\u2714\ufe0f Dise\u00f1o compacto y f\u00e1cil de manejar<\/p>\n<p>\ud83d\udcf2 Contacto: +593984123231<\/p>\n<p>\ud83d\udca1 \u00a1El aliado perfecto para mantener todo limpio y libre de polvo en segundos!<\/p>","protected":false},"featured_media":25482,"comment_status":"open","ping_status":"closed","template":"","meta":{"_acf_changed":false},"product_brand":[],"product_cat":[544,583],"product_tag":[],"class_list":{"0":"post-25509","1":"product","2":"type-product","3":"status-publish","4":"has-post-thumbnail","6":"product_cat-agricultura-e-industria","7":"product_cat-sopladoras","9":"first","10":"instock","11":"sale","12":"taxable","13":"shipping-taxable","14":"purchasable","15":"product-type-simple"},"acf":[],"_links":{"self":[{"href":"https:\/\/tiendaflex.ec\/en\/wp-json\/wp\/v2\/product\/25509","targetHints":{"allow":["GET"]}}],"collection":[{"href":"https:\/\/tiendaflex.ec\/en\/wp-json\/wp\/v2\/product"}],"about":[{"href":"https:\/\/tiendaflex.ec\/en\/wp-json\/wp\/v2\/types\/product"}],"replies":[{"embeddable":true,"href":"https:\/\/tiendaflex.ec\/en\/wp-json\/wp\/v2\/comments?post=25509"}],"version-history":[{"count":1,"href":"https:\/\/tiendaflex.ec\/en\/wp-json\/wp\/v2\/product\/25509\/revisions"}],"predecessor-version":[{"id":25510,"href":"https:\/\/tiendaflex.ec\/en\/wp-json\/wp\/v2\/product\/25509\/revisions\/25510"}],"wp:featuredmedia":[{"embeddable":true,"href":"https:\/\/tiendaflex.ec\/en\/wp-json\/wp\/v2\/media\/25482"}],"wp:attachment":[{"href":"https:\/\/tiendaflex.ec\/en\/wp-json\/wp\/v2\/media?parent=25509"}],"wp:term":[{"taxonomy":"product_brand","embeddable":true,"href":"https:\/\/tiendaflex.ec\/en\/wp-json\/wp\/v2\/product_brand?post=25509"},{"taxonomy":"product_cat","embeddable":true,"href":"https:\/\/tiendaflex.ec\/en\/wp-json\/wp\/v2\/product_cat?post=25509"},{"taxonomy":"product_tag","embeddable":true,"href":"https:\/\/tiendaflex.ec\/en\/wp-json\/wp\/v2\/product_tag?post=25509"}],"curies":[{"name":"wp","href":"https:\/\/api.w.org\/{rel}","templated":true}]}}