{"id":25452,"date":"2025-10-14T22:31:26","date_gmt":"2025-10-15T03:31:26","guid":{"rendered":"https:\/\/tiendaflex.ec\/?post_type=product&#038;p=25452"},"modified":"2025-10-14T22:31:26","modified_gmt":"2025-10-15T03:31:26","slug":"ventilador-con-pedestal","status":"publish","type":"product","link":"https:\/\/tiendaflex.ec\/en\/product\/ventilador-con-pedestal\/","title":{"rendered":"VENTILADOR CON PEDESTAL"},"content":{"rendered":"","protected":false},"excerpt":{"rendered":"<p>VENTILADOR CON PEDESTAL PLEGABLE Y RECARGABLE<\/p>\n<p>Disfruta de aire fresco donde vayas con este ventilador pr\u00e1ctico y moderno \ud83d\udca8\ud83e\uddf3<\/p>\n<p>\u2714\ufe0f Dise\u00f1o port\u00e1til y retr\u00e1ctil, ideal para llevar de viaje<br \/>\n\u2714\ufe0f Altura expandible hasta 74 cm<br \/>\n\u2714\ufe0f 3 velocidades ajustables<br \/>\n\u2714\ufe0f Bater\u00eda recargable de larga duraci\u00f3n<br \/>\n\u2714\ufe0f Estructura plegable para f\u00e1cil almacenamiento<br \/>\n\u2714\ufe0f Color blanco elegante y minimalista<\/p>\n<p>\ud83d\udcf2 Contacto: +593984123231<\/p>\n<p>\u2744\ufe0f \u00a1Ll\u00e9valo contigo y mantente fresco en cualquier momento y lugar!<\/p>","protected":false},"featured_media":25429,"comment_status":"open","ping_status":"closed","template":"","meta":{"_acf_changed":false},"product_brand":[],"product_cat":[544,590],"product_tag":[],"class_list":{"0":"post-25452","1":"product","2":"type-product","3":"status-publish","4":"has-post-thumbnail","6":"product_cat-agricultura-e-industria","7":"product_cat-ventiladores","9":"first","10":"instock","11":"sale","12":"taxable","13":"shipping-taxable","14":"purchasable","15":"product-type-simple"},"acf":[],"_links":{"self":[{"href":"https:\/\/tiendaflex.ec\/en\/wp-json\/wp\/v2\/product\/25452","targetHints":{"allow":["GET"]}}],"collection":[{"href":"https:\/\/tiendaflex.ec\/en\/wp-json\/wp\/v2\/product"}],"about":[{"href":"https:\/\/tiendaflex.ec\/en\/wp-json\/wp\/v2\/types\/product"}],"replies":[{"embeddable":true,"href":"https:\/\/tiendaflex.ec\/en\/wp-json\/wp\/v2\/comments?post=25452"}],"version-history":[{"count":1,"href":"https:\/\/tiendaflex.ec\/en\/wp-json\/wp\/v2\/product\/25452\/revisions"}],"predecessor-version":[{"id":25453,"href":"https:\/\/tiendaflex.ec\/en\/wp-json\/wp\/v2\/product\/25452\/revisions\/25453"}],"wp:featuredmedia":[{"embeddable":true,"href":"https:\/\/tiendaflex.ec\/en\/wp-json\/wp\/v2\/media\/25429"}],"wp:attachment":[{"href":"https:\/\/tiendaflex.ec\/en\/wp-json\/wp\/v2\/media?parent=25452"}],"wp:term":[{"taxonomy":"product_brand","embeddable":true,"href":"https:\/\/tiendaflex.ec\/en\/wp-json\/wp\/v2\/product_brand?post=25452"},{"taxonomy":"product_cat","embeddable":true,"href":"https:\/\/tiendaflex.ec\/en\/wp-json\/wp\/v2\/product_cat?post=25452"},{"taxonomy":"product_tag","embeddable":true,"href":"https:\/\/tiendaflex.ec\/en\/wp-json\/wp\/v2\/product_tag?post=25452"}],"curies":[{"name":"wp","href":"https:\/\/api.w.org\/{rel}","templated":true}]}}