{"id":25410,"date":"2025-10-12T11:56:31","date_gmt":"2025-10-12T16:56:31","guid":{"rendered":"https:\/\/tiendaflex.ec\/?post_type=product&#038;p=25410"},"modified":"2025-10-12T11:56:32","modified_gmt":"2025-10-12T16:56:32","slug":"hub-usb-3-1-tipo-c-11-en-1","status":"publish","type":"product","link":"https:\/\/tiendaflex.ec\/en\/product\/hub-usb-3-1-tipo-c-11-en-1\/","title":{"rendered":"HUB USB 3.1 TIPO C 11 EN 1"},"content":{"rendered":"","protected":false},"excerpt":{"rendered":"<p>Ampl\u00eda la conectividad de tu laptop o PC con este hub multifuncional 11 en 1, dise\u00f1ado para ofrecer versatilidad y velocidad en cada conexi\u00f3n \ud83d\udd0c\u26a1<\/p>\n<p>\u2714\ufe0f Tipo de interfaz: USB Tipo C<br \/>\n\u2714\ufe0f Puertos disponibles: 10 puertos<\/p>\n<p>USB 3.1 x4<\/p>\n<p>HDMI x1<\/p>\n<p>SD x1 \/ TF x1<\/p>\n<p>PD x1<\/p>\n<p>RJ45 x1<\/p>\n<p>VGA x1<\/p>\n<p>Audio 3.5 mm x1<br \/>\n\u2714\ufe0f Compatibilidad: Lector de tarjetas, HDMI, redes y audio<\/p>\n<p>\ud83d\udcf2 Contacto: +593984123231<\/p>\n<p>\u26a1 \u00a1Conecta todos tus dispositivos con rapidez y eficiencia!<\/p>","protected":false},"featured_media":25386,"comment_status":"open","ping_status":"closed","template":"","meta":{"_acf_changed":false},"product_brand":[],"product_cat":[752],"product_tag":[],"class_list":{"0":"post-25410","1":"product","2":"type-product","3":"status-publish","4":"has-post-thumbnail","6":"product_cat-adaptadores-y-corriente","8":"first","9":"instock","10":"sale","11":"taxable","12":"shipping-taxable","13":"purchasable","14":"product-type-simple"},"acf":[],"_links":{"self":[{"href":"https:\/\/tiendaflex.ec\/en\/wp-json\/wp\/v2\/product\/25410","targetHints":{"allow":["GET"]}}],"collection":[{"href":"https:\/\/tiendaflex.ec\/en\/wp-json\/wp\/v2\/product"}],"about":[{"href":"https:\/\/tiendaflex.ec\/en\/wp-json\/wp\/v2\/types\/product"}],"replies":[{"embeddable":true,"href":"https:\/\/tiendaflex.ec\/en\/wp-json\/wp\/v2\/comments?post=25410"}],"version-history":[{"count":1,"href":"https:\/\/tiendaflex.ec\/en\/wp-json\/wp\/v2\/product\/25410\/revisions"}],"predecessor-version":[{"id":25411,"href":"https:\/\/tiendaflex.ec\/en\/wp-json\/wp\/v2\/product\/25410\/revisions\/25411"}],"wp:featuredmedia":[{"embeddable":true,"href":"https:\/\/tiendaflex.ec\/en\/wp-json\/wp\/v2\/media\/25386"}],"wp:attachment":[{"href":"https:\/\/tiendaflex.ec\/en\/wp-json\/wp\/v2\/media?parent=25410"}],"wp:term":[{"taxonomy":"product_brand","embeddable":true,"href":"https:\/\/tiendaflex.ec\/en\/wp-json\/wp\/v2\/product_brand?post=25410"},{"taxonomy":"product_cat","embeddable":true,"href":"https:\/\/tiendaflex.ec\/en\/wp-json\/wp\/v2\/product_cat?post=25410"},{"taxonomy":"product_tag","embeddable":true,"href":"https:\/\/tiendaflex.ec\/en\/wp-json\/wp\/v2\/product_tag?post=25410"}],"curies":[{"name":"wp","href":"https:\/\/api.w.org\/{rel}","templated":true}]}}