{"id":25404,"date":"2025-10-10T20:00:34","date_gmt":"2025-10-11T01:00:34","guid":{"rendered":"https:\/\/tiendaflex.ec\/?post_type=product&#038;p=25404"},"modified":"2025-10-10T20:00:35","modified_gmt":"2025-10-11T01:00:35","slug":"palanca-de-juegos-x-360-wireless","status":"publish","type":"product","link":"https:\/\/tiendaflex.ec\/en\/product\/palanca-de-juegos-x-360-wireless\/","title":{"rendered":"PALANCA DE JUEGOS X-360 WIRELESS"},"content":{"rendered":"","protected":false},"excerpt":{"rendered":"<p>Disfruta de tus juegos al m\u00e1ximo con esta palanca ergon\u00f3mica, ideal para largas sesiones de juego con total comodidad y precisi\u00f3n \ud83c\udfaf\ud83d\udd25<\/p>\n<p>\u2714\ufe0f Compatibilidad: PlayStation 3<br \/>\n\u2714\ufe0f Conexi\u00f3n: Al\u00e1mbrica estable<br \/>\n\u2714\ufe0f Dise\u00f1o ergon\u00f3mico para mayor comodidad<br \/>\n\u2714\ufe0f Color: Negro elegante \ud83d\udda4<\/p>\n<p>\ud83d\udcf2 Contacto: +593984123231<\/p>\n<p>\ud83c\udfae \u00a1Lleva tu experiencia de juego a otro nivel con control y estilo!<\/p>","protected":false},"featured_media":25390,"comment_status":"open","ping_status":"closed","template":"","meta":{"_acf_changed":false},"product_brand":[],"product_cat":[751],"product_tag":[],"class_list":{"0":"post-25404","1":"product","2":"type-product","3":"status-publish","4":"has-post-thumbnail","6":"product_cat-accesorios-de-videojuegos","8":"first","9":"instock","10":"sale","11":"taxable","12":"shipping-taxable","13":"purchasable","14":"product-type-simple"},"acf":[],"_links":{"self":[{"href":"https:\/\/tiendaflex.ec\/en\/wp-json\/wp\/v2\/product\/25404","targetHints":{"allow":["GET"]}}],"collection":[{"href":"https:\/\/tiendaflex.ec\/en\/wp-json\/wp\/v2\/product"}],"about":[{"href":"https:\/\/tiendaflex.ec\/en\/wp-json\/wp\/v2\/types\/product"}],"replies":[{"embeddable":true,"href":"https:\/\/tiendaflex.ec\/en\/wp-json\/wp\/v2\/comments?post=25404"}],"version-history":[{"count":1,"href":"https:\/\/tiendaflex.ec\/en\/wp-json\/wp\/v2\/product\/25404\/revisions"}],"predecessor-version":[{"id":25405,"href":"https:\/\/tiendaflex.ec\/en\/wp-json\/wp\/v2\/product\/25404\/revisions\/25405"}],"wp:featuredmedia":[{"embeddable":true,"href":"https:\/\/tiendaflex.ec\/en\/wp-json\/wp\/v2\/media\/25390"}],"wp:attachment":[{"href":"https:\/\/tiendaflex.ec\/en\/wp-json\/wp\/v2\/media?parent=25404"}],"wp:term":[{"taxonomy":"product_brand","embeddable":true,"href":"https:\/\/tiendaflex.ec\/en\/wp-json\/wp\/v2\/product_brand?post=25404"},{"taxonomy":"product_cat","embeddable":true,"href":"https:\/\/tiendaflex.ec\/en\/wp-json\/wp\/v2\/product_cat?post=25404"},{"taxonomy":"product_tag","embeddable":true,"href":"https:\/\/tiendaflex.ec\/en\/wp-json\/wp\/v2\/product_tag?post=25404"}],"curies":[{"name":"wp","href":"https:\/\/api.w.org\/{rel}","templated":true}]}}