{"id":25375,"date":"2025-10-09T18:37:30","date_gmt":"2025-10-09T23:37:30","guid":{"rendered":"https:\/\/tiendaflex.ec\/?post_type=product&#038;p=25375"},"modified":"2025-10-09T18:37:31","modified_gmt":"2025-10-09T23:37:31","slug":"tf350-combo-teclado-y-mouse","status":"publish","type":"product","link":"https:\/\/tiendaflex.ec\/en\/product\/tf350-combo-teclado-y-mouse\/","title":{"rendered":"TF350 &#8211; COMBO TECLADO Y MOUSE"},"content":{"rendered":"","protected":false},"excerpt":{"rendered":"<p>COMBO TECLADO Y MOUSE WIRELESS TF350<\/p>\n<p>Optimiza tu escritorio y disfruta de comodidad y eficiencia con este combo inal\u00e1mbrico, perfecto para trabajar o jugar sin cables molestos \ud83d\udcbb\u2728<\/p>\n<p>\u2714\ufe0f Tecnolog\u00eda inal\u00e1mbrica 2.4 GHz para conexi\u00f3n estable \ud83d\udce1<br \/>\n\u2714\ufe0f Distancia de transmisi\u00f3n: hasta 10 m \ud83d\udd0b<br \/>\n\u2714\ufe0f Teclado de 104 teclas de tama\u00f1o completo \u2328\ufe0f<br \/>\n\u2714\ufe0f Dimensiones del teclado: 400 x 130 x 35 mm \ud83d\udccf<br \/>\n\u2714\ufe0f Mouse inal\u00e1mbrico incluido \ud83d\uddb1\ufe0f<\/p>\n<p>\ud83d\udcf2 Contacto: +593984123231<\/p>\n<p>\u2728 \u00a1Disfruta de un escritorio ordenado y funcional con el TF350!<\/p>","protected":false},"featured_media":25342,"comment_status":"open","ping_status":"closed","template":"","meta":{"_acf_changed":false},"product_brand":[],"product_cat":[741,633],"product_tag":[],"class_list":{"0":"post-25375","1":"product","2":"type-product","3":"status-publish","4":"has-post-thumbnail","6":"product_cat-teclados","7":"product_cat-tecnologia","9":"first","10":"instock","11":"sale","12":"taxable","13":"shipping-taxable","14":"purchasable","15":"product-type-simple"},"acf":[],"_links":{"self":[{"href":"https:\/\/tiendaflex.ec\/en\/wp-json\/wp\/v2\/product\/25375","targetHints":{"allow":["GET"]}}],"collection":[{"href":"https:\/\/tiendaflex.ec\/en\/wp-json\/wp\/v2\/product"}],"about":[{"href":"https:\/\/tiendaflex.ec\/en\/wp-json\/wp\/v2\/types\/product"}],"replies":[{"embeddable":true,"href":"https:\/\/tiendaflex.ec\/en\/wp-json\/wp\/v2\/comments?post=25375"}],"version-history":[{"count":1,"href":"https:\/\/tiendaflex.ec\/en\/wp-json\/wp\/v2\/product\/25375\/revisions"}],"predecessor-version":[{"id":25379,"href":"https:\/\/tiendaflex.ec\/en\/wp-json\/wp\/v2\/product\/25375\/revisions\/25379"}],"wp:featuredmedia":[{"embeddable":true,"href":"https:\/\/tiendaflex.ec\/en\/wp-json\/wp\/v2\/media\/25342"}],"wp:attachment":[{"href":"https:\/\/tiendaflex.ec\/en\/wp-json\/wp\/v2\/media?parent=25375"}],"wp:term":[{"taxonomy":"product_brand","embeddable":true,"href":"https:\/\/tiendaflex.ec\/en\/wp-json\/wp\/v2\/product_brand?post=25375"},{"taxonomy":"product_cat","embeddable":true,"href":"https:\/\/tiendaflex.ec\/en\/wp-json\/wp\/v2\/product_cat?post=25375"},{"taxonomy":"product_tag","embeddable":true,"href":"https:\/\/tiendaflex.ec\/en\/wp-json\/wp\/v2\/product_tag?post=25375"}],"curies":[{"name":"wp","href":"https:\/\/api.w.org\/{rel}","templated":true}]}}