{"id":25371,"date":"2025-10-09T18:33:52","date_gmt":"2025-10-09T23:33:52","guid":{"rendered":"https:\/\/tiendaflex.ec\/?post_type=product&#038;p=25371"},"modified":"2025-10-09T18:33:53","modified_gmt":"2025-10-09T23:33:53","slug":"almohadilla-para-teclado","status":"publish","type":"product","link":"https:\/\/tiendaflex.ec\/en\/product\/almohadilla-para-teclado\/","title":{"rendered":"ALMOHADILLA PARA TECLADO"},"content":{"rendered":"","protected":false},"excerpt":{"rendered":"<p>Disfruta de una experiencia c\u00f3moda y ergon\u00f3mica mientras trabajas o juegas con esta almohadilla para teclado, dise\u00f1ada para cuidar tus mu\u00f1ecas y mejorar tu postura \ud83d\udcbb\u2728<\/p>\n<p>\u2714\ufe0f Tacto ligero y c\u00f3modo para largas sesiones de uso<br \/>\n\u2714\ufe0f Rebote lento y duradero, no se deforma f\u00e1cilmente \u23f1\ufe0f<br \/>\n\u2714\ufe0f Dimensiones: 37 x 9 cm \ud83d\udccf<br \/>\n\u2714\ufe0f Color: Negro \ud83d\udda4<\/p>\n<p>\ud83d\udcf2 Contacto: +593984123231<\/p>\n<p>\u2728 \u00a1M\u00e1ximo confort y soporte para tus manos mientras trabajas o juegas!<\/p>","protected":false},"featured_media":25348,"comment_status":"open","ping_status":"closed","template":"","meta":{"_acf_changed":false},"product_brand":[],"product_cat":[741,633],"product_tag":[],"class_list":{"0":"post-25371","1":"product","2":"type-product","3":"status-publish","4":"has-post-thumbnail","6":"product_cat-teclados","7":"product_cat-tecnologia","9":"first","10":"instock","11":"sale","12":"taxable","13":"shipping-taxable","14":"purchasable","15":"product-type-simple"},"acf":[],"_links":{"self":[{"href":"https:\/\/tiendaflex.ec\/en\/wp-json\/wp\/v2\/product\/25371","targetHints":{"allow":["GET"]}}],"collection":[{"href":"https:\/\/tiendaflex.ec\/en\/wp-json\/wp\/v2\/product"}],"about":[{"href":"https:\/\/tiendaflex.ec\/en\/wp-json\/wp\/v2\/types\/product"}],"replies":[{"embeddable":true,"href":"https:\/\/tiendaflex.ec\/en\/wp-json\/wp\/v2\/comments?post=25371"}],"version-history":[{"count":2,"href":"https:\/\/tiendaflex.ec\/en\/wp-json\/wp\/v2\/product\/25371\/revisions"}],"predecessor-version":[{"id":25376,"href":"https:\/\/tiendaflex.ec\/en\/wp-json\/wp\/v2\/product\/25371\/revisions\/25376"}],"wp:featuredmedia":[{"embeddable":true,"href":"https:\/\/tiendaflex.ec\/en\/wp-json\/wp\/v2\/media\/25348"}],"wp:attachment":[{"href":"https:\/\/tiendaflex.ec\/en\/wp-json\/wp\/v2\/media?parent=25371"}],"wp:term":[{"taxonomy":"product_brand","embeddable":true,"href":"https:\/\/tiendaflex.ec\/en\/wp-json\/wp\/v2\/product_brand?post=25371"},{"taxonomy":"product_cat","embeddable":true,"href":"https:\/\/tiendaflex.ec\/en\/wp-json\/wp\/v2\/product_cat?post=25371"},{"taxonomy":"product_tag","embeddable":true,"href":"https:\/\/tiendaflex.ec\/en\/wp-json\/wp\/v2\/product_tag?post=25371"}],"curies":[{"name":"wp","href":"https:\/\/api.w.org\/{rel}","templated":true}]}}