{"id":25366,"date":"2025-10-09T18:31:15","date_gmt":"2025-10-09T23:31:15","guid":{"rendered":"https:\/\/tiendaflex.ec\/?post_type=product&#038;p=25366"},"modified":"2025-10-09T18:31:16","modified_gmt":"2025-10-09T23:31:16","slug":"smart-watch-i10-ultra-max","status":"publish","type":"product","link":"https:\/\/tiendaflex.ec\/en\/product\/smart-watch-i10-ultra-max\/","title":{"rendered":"SMART WATCH i10 ULTRA MAX"},"content":{"rendered":"","protected":false},"excerpt":{"rendered":"<p>Disfruta de la tecnolog\u00eda al alcance de tu mu\u00f1eca con el Smart Watch i10 Ultra Max, ideal para mantenerte conectado y activo durante todo el d\u00eda \ud83d\udcaa\ud83d\udcf1<\/p>\n<p>\u2714\ufe0f Pantalla grande HD de 2,19 pulgadas totalmente laminada \ud83d\udcf2<br \/>\n\u2714\ufe0f Modo para responder llamadas directamente desde el reloj \ud83d\udcde<br \/>\n\u2714\ufe0f Monitor de actividad multifunci\u00f3n \ud83c\udfc3\u200d\u2642\ufe0f\ud83c\udfcb\ufe0f\u200d\u2640\ufe0f<br \/>\n\u2714\ufe0f Aplicaci\u00f3n Laxasfit para vincular y personalizar tu experiencia \ud83d\udd17<br \/>\n\u2714\ufe0f Colores disponibles: Gris<br \/>\n\u2714\ufe0f Fondos de pantalla personalizables \ud83c\udfa8<\/p>\n<p>\ud83d\udcf2 Contacto: +593984123231<\/p>\n<p>\u2728 \u00a1Con\u00e9ctate, personaliza y mantente activo con el i10 Ultra Max!<\/p>","protected":false},"featured_media":25346,"comment_status":"open","ping_status":"closed","template":"","meta":{"_acf_changed":false},"product_brand":[],"product_cat":[721,633],"product_tag":[],"class_list":{"0":"post-25366","1":"product","2":"type-product","3":"status-publish","4":"has-post-thumbnail","6":"product_cat-smartwatch","7":"product_cat-tecnologia","9":"first","10":"instock","11":"sale","12":"taxable","13":"shipping-taxable","14":"purchasable","15":"product-type-simple"},"acf":[],"_links":{"self":[{"href":"https:\/\/tiendaflex.ec\/en\/wp-json\/wp\/v2\/product\/25366","targetHints":{"allow":["GET"]}}],"collection":[{"href":"https:\/\/tiendaflex.ec\/en\/wp-json\/wp\/v2\/product"}],"about":[{"href":"https:\/\/tiendaflex.ec\/en\/wp-json\/wp\/v2\/types\/product"}],"replies":[{"embeddable":true,"href":"https:\/\/tiendaflex.ec\/en\/wp-json\/wp\/v2\/comments?post=25366"}],"version-history":[{"count":1,"href":"https:\/\/tiendaflex.ec\/en\/wp-json\/wp\/v2\/product\/25366\/revisions"}],"predecessor-version":[{"id":25369,"href":"https:\/\/tiendaflex.ec\/en\/wp-json\/wp\/v2\/product\/25366\/revisions\/25369"}],"wp:featuredmedia":[{"embeddable":true,"href":"https:\/\/tiendaflex.ec\/en\/wp-json\/wp\/v2\/media\/25346"}],"wp:attachment":[{"href":"https:\/\/tiendaflex.ec\/en\/wp-json\/wp\/v2\/media?parent=25366"}],"wp:term":[{"taxonomy":"product_brand","embeddable":true,"href":"https:\/\/tiendaflex.ec\/en\/wp-json\/wp\/v2\/product_brand?post=25366"},{"taxonomy":"product_cat","embeddable":true,"href":"https:\/\/tiendaflex.ec\/en\/wp-json\/wp\/v2\/product_cat?post=25366"},{"taxonomy":"product_tag","embeddable":true,"href":"https:\/\/tiendaflex.ec\/en\/wp-json\/wp\/v2\/product_tag?post=25366"}],"curies":[{"name":"wp","href":"https:\/\/api.w.org\/{rel}","templated":true}]}}