{"id":25341,"date":"2025-10-09T17:59:16","date_gmt":"2025-10-09T22:59:16","guid":{"rendered":"https:\/\/tiendaflex.ec\/?post_type=product&#038;p=25341"},"modified":"2025-10-09T17:59:16","modified_gmt":"2025-10-09T22:59:16","slug":"smart-watch-s9-ultra","status":"publish","type":"product","link":"https:\/\/tiendaflex.ec\/en\/product\/smart-watch-s9-ultra\/","title":{"rendered":"SMART WATCH S9 ULTRA"},"content":{"rendered":"","protected":false},"excerpt":{"rendered":"<p>Lleva tu estilo y tecnolog\u00eda al siguiente nivel con el Smart Watch S9 Ultra, dise\u00f1ado para acompa\u00f1arte en cada momento del d\u00eda \ud83d\udcaa\ud83d\udcf1<\/p>\n<p>\u2714\ufe0f Pantalla t\u00e1ctil de 2.1\u201d \ud83d\udcf2<br \/>\n\u2714\ufe0f Correas intercambiables para combinar con tu estilo<br \/>\n\u2714\ufe0f Monitorizador fitness para tus entrenamientos \ud83c\udfc3\u200d\u2642\ufe0f<br \/>\n\u2714\ufe0f Notificaciones de redes sociales y clima \ud83c\udf26\ufe0f<br \/>\n\u2714\ufe0f Monitor de ritmo card\u00edaco \u2764\ufe0f<br \/>\n\u2714\ufe0f Modo para responder llamadas \ud83d\udcde<br \/>\n\u2714\ufe0f Conexi\u00f3n Bluetooth \ud83d\udd17<br \/>\n\u2714\ufe0f Incluye juegos integrados \ud83c\udfae<\/p>\n<p>\ud83d\udcf2 Contacto: +593984123231<\/p>\n<p>\u26a1 \u00a1Controla tu salud, mantente conectado y luce incre\u00edble con el S9 Ultra!<\/p>","protected":false},"featured_media":25344,"comment_status":"open","ping_status":"closed","template":"","meta":{"_acf_changed":false},"product_brand":[],"product_cat":[721,633],"product_tag":[],"class_list":{"0":"post-25341","1":"product","2":"type-product","3":"status-publish","4":"has-post-thumbnail","6":"product_cat-smartwatch","7":"product_cat-tecnologia","9":"first","10":"instock","11":"sale","12":"taxable","13":"shipping-taxable","14":"purchasable","15":"product-type-simple"},"acf":[],"_links":{"self":[{"href":"https:\/\/tiendaflex.ec\/en\/wp-json\/wp\/v2\/product\/25341","targetHints":{"allow":["GET"]}}],"collection":[{"href":"https:\/\/tiendaflex.ec\/en\/wp-json\/wp\/v2\/product"}],"about":[{"href":"https:\/\/tiendaflex.ec\/en\/wp-json\/wp\/v2\/types\/product"}],"replies":[{"embeddable":true,"href":"https:\/\/tiendaflex.ec\/en\/wp-json\/wp\/v2\/comments?post=25341"}],"version-history":[{"count":1,"href":"https:\/\/tiendaflex.ec\/en\/wp-json\/wp\/v2\/product\/25341\/revisions"}],"predecessor-version":[{"id":25355,"href":"https:\/\/tiendaflex.ec\/en\/wp-json\/wp\/v2\/product\/25341\/revisions\/25355"}],"wp:featuredmedia":[{"embeddable":true,"href":"https:\/\/tiendaflex.ec\/en\/wp-json\/wp\/v2\/media\/25344"}],"wp:attachment":[{"href":"https:\/\/tiendaflex.ec\/en\/wp-json\/wp\/v2\/media?parent=25341"}],"wp:term":[{"taxonomy":"product_brand","embeddable":true,"href":"https:\/\/tiendaflex.ec\/en\/wp-json\/wp\/v2\/product_brand?post=25341"},{"taxonomy":"product_cat","embeddable":true,"href":"https:\/\/tiendaflex.ec\/en\/wp-json\/wp\/v2\/product_cat?post=25341"},{"taxonomy":"product_tag","embeddable":true,"href":"https:\/\/tiendaflex.ec\/en\/wp-json\/wp\/v2\/product_tag?post=25341"}],"curies":[{"name":"wp","href":"https:\/\/api.w.org\/{rel}","templated":true}]}}