{"id":25327,"date":"2025-10-08T18:09:43","date_gmt":"2025-10-08T23:09:43","guid":{"rendered":"https:\/\/tiendaflex.ec\/?post_type=product&#038;p=25327"},"modified":"2025-10-08T18:09:44","modified_gmt":"2025-10-08T23:09:44","slug":"lampara-con-calendario","status":"publish","type":"product","link":"https:\/\/tiendaflex.ec\/en\/product\/lampara-con-calendario\/","title":{"rendered":"L\u00c1MPARA CON CALENDARIO"},"content":{"rendered":"","protected":false},"excerpt":{"rendered":"<p>L\u00c1MPARA CON CALENDARIO Y CARGADOR INAL\u00c1MBRICO \u23f0\u2728<\/p>\n<p>Ilumina tu espacio y mant\u00e9n tu tel\u00e9fono siempre cargado con esta l\u00e1mpara multifuncional moderna y pr\u00e1ctica. Perfecta para tu escritorio, mesa de noche o \u00e1rea de trabajo \ud83d\udda5\ufe0f\ud83d\udcda.<\/p>\n<p>\u2714\ufe0f Carga inal\u00e1mbrica para tel\u00e9fono m\u00f3vil \ud83d\udd0b<br \/>\n\u2714\ufe0f Pantalla con reloj, fecha y despertador \u23f0<br \/>\n\u2714\ufe0f 5 niveles de intensidad de luz \ud83c\udf24\ufe0f<br \/>\n\u2714\ufe0f 5 modos diferentes de iluminaci\u00f3n \ud83d\udca1<br \/>\n\u2714\ufe0f Color: Negro \ud83d\udda4<br \/>\n\u2714\ufe0f Dise\u00f1o moderno y funcional<\/p>\n<p>\ud83d\udcf2 Contacto: +593984123231<\/p>\n<p>\ud83c\udf1f \u00a1Organiza tu espacio y disfruta de una iluminaci\u00f3n inteligente con estilo y tecnolog\u00eda en uno!<\/p>","protected":false},"featured_media":25287,"comment_status":"open","ping_status":"closed","template":"","meta":{"_acf_changed":false},"product_brand":[],"product_cat":[746,633],"product_tag":[],"class_list":{"0":"post-25327","1":"product","2":"type-product","3":"status-publish","4":"has-post-thumbnail","6":"product_cat-iluminacion","7":"product_cat-tecnologia","9":"first","10":"instock","11":"sale","12":"taxable","13":"shipping-taxable","14":"purchasable","15":"product-type-simple"},"acf":[],"_links":{"self":[{"href":"https:\/\/tiendaflex.ec\/en\/wp-json\/wp\/v2\/product\/25327","targetHints":{"allow":["GET"]}}],"collection":[{"href":"https:\/\/tiendaflex.ec\/en\/wp-json\/wp\/v2\/product"}],"about":[{"href":"https:\/\/tiendaflex.ec\/en\/wp-json\/wp\/v2\/types\/product"}],"replies":[{"embeddable":true,"href":"https:\/\/tiendaflex.ec\/en\/wp-json\/wp\/v2\/comments?post=25327"}],"version-history":[{"count":1,"href":"https:\/\/tiendaflex.ec\/en\/wp-json\/wp\/v2\/product\/25327\/revisions"}],"predecessor-version":[{"id":25328,"href":"https:\/\/tiendaflex.ec\/en\/wp-json\/wp\/v2\/product\/25327\/revisions\/25328"}],"wp:featuredmedia":[{"embeddable":true,"href":"https:\/\/tiendaflex.ec\/en\/wp-json\/wp\/v2\/media\/25287"}],"wp:attachment":[{"href":"https:\/\/tiendaflex.ec\/en\/wp-json\/wp\/v2\/media?parent=25327"}],"wp:term":[{"taxonomy":"product_brand","embeddable":true,"href":"https:\/\/tiendaflex.ec\/en\/wp-json\/wp\/v2\/product_brand?post=25327"},{"taxonomy":"product_cat","embeddable":true,"href":"https:\/\/tiendaflex.ec\/en\/wp-json\/wp\/v2\/product_cat?post=25327"},{"taxonomy":"product_tag","embeddable":true,"href":"https:\/\/tiendaflex.ec\/en\/wp-json\/wp\/v2\/product_tag?post=25327"}],"curies":[{"name":"wp","href":"https:\/\/api.w.org\/{rel}","templated":true}]}}