{"id":25317,"date":"2025-10-08T17:20:10","date_gmt":"2025-10-08T22:20:10","guid":{"rendered":"https:\/\/tiendaflex.ec\/?post_type=product&#038;p=25317"},"modified":"2025-10-08T17:20:11","modified_gmt":"2025-10-08T22:20:11","slug":"f1-f200-bicicleta-nitron-aro-20","status":"publish","type":"product","link":"https:\/\/tiendaflex.ec\/en\/product\/f1-f200-bicicleta-nitron-aro-20\/","title":{"rendered":"F1-F200 &#8211; BICICLETA NITRON ARO 20\u201d"},"content":{"rendered":"","protected":false},"excerpt":{"rendered":"<p>BICICLETA NITRON F1-F200 ARO 20\u201d \ud83d\udca5\ud83d\udeb2<\/p>\n<p>\u00a1Diversi\u00f3n, resistencia y estilo sobre ruedas! La Nitron F1-F200 combina un dise\u00f1o robusto con componentes de alta calidad para ofrecerte una experiencia de conducci\u00f3n segura y c\u00f3moda.<\/p>\n<p>\u2714\ufe0f C\u00f3digo: 28-03-035<br \/>\n\u2714\ufe0f Marco: armaz\u00f3n de acero resistente<br \/>\n\u2714\ufe0f Horquilla: 3.8<br \/>\n\u2714\ufe0f Asa de fijaci\u00f3n de aluminio integrada<br \/>\n\u2714\ufe0f Sistema de frenos de doble disco Polly<br \/>\n\u2714\ufe0f Cable de freno delantero y trasero: Tubo 2P<br \/>\n\u2714\ufe0f Cubierta de neum\u00e1tico: 201.95 micro ranura<br \/>\n\u2714\ufe0f C\u00e1mara de aire: 201.95 de caucho natural<\/p>\n<p>\ud83d\udcf2 Contacto: +593984123231<\/p>\n<p>\u2728 \u00a1La Nitron F1-F200, ideal para j\u00f3venes aventureros que buscan calidad y estilo en cada pedaleo! \u2728<\/p>","protected":false},"featured_media":25295,"comment_status":"open","ping_status":"closed","template":"","meta":{"_acf_changed":false},"product_brand":[],"product_cat":[750],"product_tag":[],"class_list":{"0":"post-25317","1":"product","2":"type-product","3":"status-publish","4":"has-post-thumbnail","6":"product_cat-bicicletas","8":"first","9":"instock","10":"sale","11":"taxable","12":"shipping-taxable","13":"purchasable","14":"product-type-simple"},"acf":[],"_links":{"self":[{"href":"https:\/\/tiendaflex.ec\/en\/wp-json\/wp\/v2\/product\/25317","targetHints":{"allow":["GET"]}}],"collection":[{"href":"https:\/\/tiendaflex.ec\/en\/wp-json\/wp\/v2\/product"}],"about":[{"href":"https:\/\/tiendaflex.ec\/en\/wp-json\/wp\/v2\/types\/product"}],"replies":[{"embeddable":true,"href":"https:\/\/tiendaflex.ec\/en\/wp-json\/wp\/v2\/comments?post=25317"}],"version-history":[{"count":1,"href":"https:\/\/tiendaflex.ec\/en\/wp-json\/wp\/v2\/product\/25317\/revisions"}],"predecessor-version":[{"id":25318,"href":"https:\/\/tiendaflex.ec\/en\/wp-json\/wp\/v2\/product\/25317\/revisions\/25318"}],"wp:featuredmedia":[{"embeddable":true,"href":"https:\/\/tiendaflex.ec\/en\/wp-json\/wp\/v2\/media\/25295"}],"wp:attachment":[{"href":"https:\/\/tiendaflex.ec\/en\/wp-json\/wp\/v2\/media?parent=25317"}],"wp:term":[{"taxonomy":"product_brand","embeddable":true,"href":"https:\/\/tiendaflex.ec\/en\/wp-json\/wp\/v2\/product_brand?post=25317"},{"taxonomy":"product_cat","embeddable":true,"href":"https:\/\/tiendaflex.ec\/en\/wp-json\/wp\/v2\/product_cat?post=25317"},{"taxonomy":"product_tag","embeddable":true,"href":"https:\/\/tiendaflex.ec\/en\/wp-json\/wp\/v2\/product_tag?post=25317"}],"curies":[{"name":"wp","href":"https:\/\/api.w.org\/{rel}","templated":true}]}}