{"id":25310,"date":"2025-10-08T17:09:13","date_gmt":"2025-10-08T22:09:13","guid":{"rendered":"https:\/\/tiendaflex.ec\/?post_type=product&#038;p=25310"},"modified":"2025-10-08T17:09:14","modified_gmt":"2025-10-08T22:09:14","slug":"martillo-plegable-multifuncion-11-en-1","status":"publish","type":"product","link":"https:\/\/tiendaflex.ec\/en\/product\/martillo-plegable-multifuncion-11-en-1\/","title":{"rendered":"MARTILLO PLEGABLE MULTIFUNCI\u00d3N 11 EN 1"},"content":{"rendered":"","protected":false},"excerpt":{"rendered":"<p>Herramienta pr\u00e1ctica y port\u00e1til para todo tipo de trabajos, ideal para tu hogar, viajes o emergencias.<\/p>\n<p>\u2714\ufe0f C\u00f3digo: 25-01-155<br \/>\n\u2714\ufe0f Multiusos: martillo, alicates de punta plana y m\u00e1s<br \/>\n\u2714\ufe0f Dise\u00f1o con bot\u00f3n de seguridad a presi\u00f3n<br \/>\n\u2714\ufe0f Plegable y port\u00e1til<br \/>\n\u2714\ufe0f Incluye estuche para guardar<br \/>\n\u2714\ufe0f Color: Negro<\/p>\n<p>\ud83d\udcf2 Contacto: +593984123231<\/p>\n<p>\u2728 \u00a1Todo lo que necesitas en una sola herramienta, f\u00e1cil de llevar y usar! \u2728<\/p>","protected":false},"featured_media":25273,"comment_status":"open","ping_status":"closed","template":"","meta":{"_acf_changed":false},"product_brand":[],"product_cat":[544,706],"product_tag":[],"class_list":{"0":"post-25310","1":"product","2":"type-product","3":"status-publish","4":"has-post-thumbnail","6":"product_cat-agricultura-e-industria","7":"product_cat-dados-y-accesorios","9":"first","10":"instock","11":"sale","12":"taxable","13":"shipping-taxable","14":"purchasable","15":"product-type-simple"},"acf":[],"_links":{"self":[{"href":"https:\/\/tiendaflex.ec\/en\/wp-json\/wp\/v2\/product\/25310","targetHints":{"allow":["GET"]}}],"collection":[{"href":"https:\/\/tiendaflex.ec\/en\/wp-json\/wp\/v2\/product"}],"about":[{"href":"https:\/\/tiendaflex.ec\/en\/wp-json\/wp\/v2\/types\/product"}],"replies":[{"embeddable":true,"href":"https:\/\/tiendaflex.ec\/en\/wp-json\/wp\/v2\/comments?post=25310"}],"version-history":[{"count":2,"href":"https:\/\/tiendaflex.ec\/en\/wp-json\/wp\/v2\/product\/25310\/revisions"}],"predecessor-version":[{"id":25312,"href":"https:\/\/tiendaflex.ec\/en\/wp-json\/wp\/v2\/product\/25310\/revisions\/25312"}],"wp:featuredmedia":[{"embeddable":true,"href":"https:\/\/tiendaflex.ec\/en\/wp-json\/wp\/v2\/media\/25273"}],"wp:attachment":[{"href":"https:\/\/tiendaflex.ec\/en\/wp-json\/wp\/v2\/media?parent=25310"}],"wp:term":[{"taxonomy":"product_brand","embeddable":true,"href":"https:\/\/tiendaflex.ec\/en\/wp-json\/wp\/v2\/product_brand?post=25310"},{"taxonomy":"product_cat","embeddable":true,"href":"https:\/\/tiendaflex.ec\/en\/wp-json\/wp\/v2\/product_cat?post=25310"},{"taxonomy":"product_tag","embeddable":true,"href":"https:\/\/tiendaflex.ec\/en\/wp-json\/wp\/v2\/product_tag?post=25310"}],"curies":[{"name":"wp","href":"https:\/\/api.w.org\/{rel}","templated":true}]}}