{"id":25304,"date":"2025-10-08T16:59:32","date_gmt":"2025-10-08T21:59:32","guid":{"rendered":"https:\/\/tiendaflex.ec\/?post_type=product&#038;p=25304"},"modified":"2025-10-08T16:59:33","modified_gmt":"2025-10-08T21:59:33","slug":"maquina-para-cortar-cabello","status":"publish","type":"product","link":"https:\/\/tiendaflex.ec\/en\/product\/maquina-para-cortar-cabello\/","title":{"rendered":"M\u00c1QUINA PARA CORTAR CABELLO"},"content":{"rendered":"","protected":false},"excerpt":{"rendered":"<p>M\u00c1QUINA PARA CORTAR CABELLO INAL\u00c1MBRICA \u26a1\ud83d\udc87\u200d\u2640\ufe0f<\/p>\n<p>Mant\u00e9n tu look impecable en casa o de viaje con esta cortadora de cabello y barba recargable, pr\u00e1ctica y eficiente.<\/p>\n<p>\u2714\ufe0f Cortadora de pelo y barba el\u00e9ctrica<br \/>\n\u2714\ufe0f Tiempo de carga: 2 horas<br \/>\n\u2714\ufe0f Tiempo de trabajo: 60 a 90 minutos<br \/>\n\u2714\ufe0f Potencia: 3W<br \/>\n\u2714\ufe0f Incluye: cortadora, 4 peines, cable USB y brocha de limpieza<\/p>\n<p>\ud83d\udcf2 Contacto: +593984123231<\/p>\n<p>\u2728 \u00a1Corte preciso y f\u00e1cil en cualquier momento y lugar! \u2728<\/p>","protected":false},"featured_media":25263,"comment_status":"open","ping_status":"closed","template":"","meta":{"_acf_changed":false},"product_brand":[],"product_cat":[549,594],"product_tag":[],"class_list":{"0":"post-25304","1":"product","2":"type-product","3":"status-publish","4":"has-post-thumbnail","6":"product_cat-electrodomesticos","7":"product_cat-electromenores","9":"first","10":"instock","11":"sale","12":"taxable","13":"shipping-taxable","14":"purchasable","15":"product-type-simple"},"acf":[],"_links":{"self":[{"href":"https:\/\/tiendaflex.ec\/en\/wp-json\/wp\/v2\/product\/25304","targetHints":{"allow":["GET"]}}],"collection":[{"href":"https:\/\/tiendaflex.ec\/en\/wp-json\/wp\/v2\/product"}],"about":[{"href":"https:\/\/tiendaflex.ec\/en\/wp-json\/wp\/v2\/types\/product"}],"replies":[{"embeddable":true,"href":"https:\/\/tiendaflex.ec\/en\/wp-json\/wp\/v2\/comments?post=25304"}],"version-history":[{"count":1,"href":"https:\/\/tiendaflex.ec\/en\/wp-json\/wp\/v2\/product\/25304\/revisions"}],"predecessor-version":[{"id":25305,"href":"https:\/\/tiendaflex.ec\/en\/wp-json\/wp\/v2\/product\/25304\/revisions\/25305"}],"wp:featuredmedia":[{"embeddable":true,"href":"https:\/\/tiendaflex.ec\/en\/wp-json\/wp\/v2\/media\/25263"}],"wp:attachment":[{"href":"https:\/\/tiendaflex.ec\/en\/wp-json\/wp\/v2\/media?parent=25304"}],"wp:term":[{"taxonomy":"product_brand","embeddable":true,"href":"https:\/\/tiendaflex.ec\/en\/wp-json\/wp\/v2\/product_brand?post=25304"},{"taxonomy":"product_cat","embeddable":true,"href":"https:\/\/tiendaflex.ec\/en\/wp-json\/wp\/v2\/product_cat?post=25304"},{"taxonomy":"product_tag","embeddable":true,"href":"https:\/\/tiendaflex.ec\/en\/wp-json\/wp\/v2\/product_tag?post=25304"}],"curies":[{"name":"wp","href":"https:\/\/api.w.org\/{rel}","templated":true}]}}