{"id":25302,"date":"2025-10-08T16:56:27","date_gmt":"2025-10-08T21:56:27","guid":{"rendered":"https:\/\/tiendaflex.ec\/?post_type=product&#038;p=25302"},"modified":"2025-10-08T16:56:28","modified_gmt":"2025-10-08T21:56:28","slug":"secadora-portatil-de-ropa","status":"publish","type":"product","link":"https:\/\/tiendaflex.ec\/en\/product\/secadora-portatil-de-ropa\/","title":{"rendered":"SECADORA PORT\u00c1TIL DE ROPA"},"content":{"rendered":"","protected":false},"excerpt":{"rendered":"<p>Mant\u00e9n tu ropa seca y lista en cualquier lugar con esta secadora port\u00e1til tipo percha, ideal para viajes y uso diario.<\/p>\n<p>\u2714\ufe0f Adecuada para todo tipo de prendas: trajes, abrigos, vestidos, chaquetas, camisetas y ropa interior<br \/>\n\u2714\ufe0f Dise\u00f1o tipo percha, pr\u00e1ctico y f\u00e1cil de colgar<br \/>\n\u2714\ufe0f Incluye cron\u00f3metro para ajustar el tiempo de secado<br \/>\n\u2714\ufe0f Ideal para viajes por su tama\u00f1o compacto<br \/>\n\u2714\ufe0f Color: Lila<\/p>\n<p>\ud83d\udcf2 Contacto: +593984123231<\/p>\n<p>\u2728 \u00a1Seca tu ropa de manera r\u00e1pida y c\u00f3moda dondequiera que est\u00e9s! \u2728<\/p>","protected":false},"featured_media":25266,"comment_status":"open","ping_status":"closed","template":"","meta":{"_acf_changed":false},"product_brand":[],"product_cat":[549,594],"product_tag":[],"class_list":{"0":"post-25302","1":"product","2":"type-product","3":"status-publish","4":"has-post-thumbnail","6":"product_cat-electrodomesticos","7":"product_cat-electromenores","9":"first","10":"instock","11":"sale","12":"taxable","13":"shipping-taxable","14":"purchasable","15":"product-type-simple"},"acf":[],"_links":{"self":[{"href":"https:\/\/tiendaflex.ec\/en\/wp-json\/wp\/v2\/product\/25302","targetHints":{"allow":["GET"]}}],"collection":[{"href":"https:\/\/tiendaflex.ec\/en\/wp-json\/wp\/v2\/product"}],"about":[{"href":"https:\/\/tiendaflex.ec\/en\/wp-json\/wp\/v2\/types\/product"}],"replies":[{"embeddable":true,"href":"https:\/\/tiendaflex.ec\/en\/wp-json\/wp\/v2\/comments?post=25302"}],"version-history":[{"count":1,"href":"https:\/\/tiendaflex.ec\/en\/wp-json\/wp\/v2\/product\/25302\/revisions"}],"predecessor-version":[{"id":25303,"href":"https:\/\/tiendaflex.ec\/en\/wp-json\/wp\/v2\/product\/25302\/revisions\/25303"}],"wp:featuredmedia":[{"embeddable":true,"href":"https:\/\/tiendaflex.ec\/en\/wp-json\/wp\/v2\/media\/25266"}],"wp:attachment":[{"href":"https:\/\/tiendaflex.ec\/en\/wp-json\/wp\/v2\/media?parent=25302"}],"wp:term":[{"taxonomy":"product_brand","embeddable":true,"href":"https:\/\/tiendaflex.ec\/en\/wp-json\/wp\/v2\/product_brand?post=25302"},{"taxonomy":"product_cat","embeddable":true,"href":"https:\/\/tiendaflex.ec\/en\/wp-json\/wp\/v2\/product_cat?post=25302"},{"taxonomy":"product_tag","embeddable":true,"href":"https:\/\/tiendaflex.ec\/en\/wp-json\/wp\/v2\/product_tag?post=25302"}],"curies":[{"name":"wp","href":"https:\/\/api.w.org\/{rel}","templated":true}]}}