{"id":25280,"date":"2025-10-07T17:27:49","date_gmt":"2025-10-07T22:27:49","guid":{"rendered":"https:\/\/tiendaflex.ec\/?post_type=product&#038;p=25280"},"modified":"2025-10-07T17:27:50","modified_gmt":"2025-10-07T22:27:50","slug":"mezclador-350-ml","status":"publish","type":"product","link":"https:\/\/tiendaflex.ec\/en\/product\/mezclador-350-ml\/","title":{"rendered":"MEZCLADOR 350 ML"},"content":{"rendered":"","protected":false},"excerpt":{"rendered":"<p>MEZCLADOR EL\u00c9CTRICO RECARGABLE 350 ML \u26a1\ud83e\udd64<\/p>\n<p>Prepara tus bebidas favoritas al instante con este mezclador el\u00e9ctrico port\u00e1til, ideal para batidos, prote\u00ednas o caf\u00e9. Compacto, moderno y f\u00e1cil de usar en cualquier lugar.<\/p>\n<p>\u2714\ufe0f C\u00f3digo: 27-02-028<br \/>\n\u2714\ufe0f Capacidad: 350 ml<br \/>\n\u2714\ufe0f Material exterior: PP de calidad alimentaria<br \/>\n\u2714\ufe0f Interior de acero inoxidable<br \/>\n\u2714\ufe0f Recargable mediante USB tipo C<br \/>\n\u2714\ufe0f Color: Blanco<\/p>\n<p>\ud83d\udcf2 Contacto: +593984123231<\/p>\n<p>\u2728 \u00a1Tu bebida lista con solo presionar un bot\u00f3n! \u2728<\/p>","protected":false},"featured_media":25264,"comment_status":"open","ping_status":"closed","template":"","meta":{"_acf_changed":false},"product_brand":[],"product_cat":[549,594],"product_tag":[],"class_list":{"0":"post-25280","1":"product","2":"type-product","3":"status-publish","4":"has-post-thumbnail","6":"product_cat-electrodomesticos","7":"product_cat-electromenores","9":"first","10":"instock","11":"sale","12":"taxable","13":"shipping-taxable","14":"purchasable","15":"product-type-simple"},"acf":[],"_links":{"self":[{"href":"https:\/\/tiendaflex.ec\/en\/wp-json\/wp\/v2\/product\/25280","targetHints":{"allow":["GET"]}}],"collection":[{"href":"https:\/\/tiendaflex.ec\/en\/wp-json\/wp\/v2\/product"}],"about":[{"href":"https:\/\/tiendaflex.ec\/en\/wp-json\/wp\/v2\/types\/product"}],"replies":[{"embeddable":true,"href":"https:\/\/tiendaflex.ec\/en\/wp-json\/wp\/v2\/comments?post=25280"}],"version-history":[{"count":1,"href":"https:\/\/tiendaflex.ec\/en\/wp-json\/wp\/v2\/product\/25280\/revisions"}],"predecessor-version":[{"id":25281,"href":"https:\/\/tiendaflex.ec\/en\/wp-json\/wp\/v2\/product\/25280\/revisions\/25281"}],"wp:featuredmedia":[{"embeddable":true,"href":"https:\/\/tiendaflex.ec\/en\/wp-json\/wp\/v2\/media\/25264"}],"wp:attachment":[{"href":"https:\/\/tiendaflex.ec\/en\/wp-json\/wp\/v2\/media?parent=25280"}],"wp:term":[{"taxonomy":"product_brand","embeddable":true,"href":"https:\/\/tiendaflex.ec\/en\/wp-json\/wp\/v2\/product_brand?post=25280"},{"taxonomy":"product_cat","embeddable":true,"href":"https:\/\/tiendaflex.ec\/en\/wp-json\/wp\/v2\/product_cat?post=25280"},{"taxonomy":"product_tag","embeddable":true,"href":"https:\/\/tiendaflex.ec\/en\/wp-json\/wp\/v2\/product_tag?post=25280"}],"curies":[{"name":"wp","href":"https:\/\/api.w.org\/{rel}","templated":true}]}}