{"id":25276,"date":"2025-10-07T17:24:31","date_gmt":"2025-10-07T22:24:31","guid":{"rendered":"https:\/\/tiendaflex.ec\/?post_type=product&#038;p=25276"},"modified":"2025-10-07T17:24:32","modified_gmt":"2025-10-07T22:24:32","slug":"humificador-550-ml","status":"publish","type":"product","link":"https:\/\/tiendaflex.ec\/en\/product\/humificador-550-ml\/","title":{"rendered":"HUMIFICADOR 550 ML"},"content":{"rendered":"","protected":false},"excerpt":{"rendered":"<p>HUMIFICADOR MADERADO 550 ML \ud83d\udca7\ud83c\udf3f<\/p>\n<p>Aporta armon\u00eda y frescura a tu hogar con este humificador de dise\u00f1o maderado, elegante y funcional. Perfecto para aromaterapia y relajaci\u00f3n.<\/p>\n<p>\u2714\ufe0f C\u00f3digo: 25-01-080<br \/>\n\u2714\ufe0f Dise\u00f1o \u00fanico y compacto<br \/>\n\u2714\ufe0f Recubrimiento tipo madera natural<br \/>\n\u2714\ufe0f Permite programar el tiempo de funcionamiento<br \/>\n\u2714\ufe0f Capacidad del tanque de agua: 550 ml<br \/>\n\u2714\ufe0f Color disponible: Maderado<\/p>\n<p>\ud83d\udcf2 Contacto: +593984123231<\/p>\n<p>\u2728 \u00a1Rel\u00e1jate y disfruta de un ambiente natural y perfumado en tu hogar! \u2728<\/p>","protected":false},"featured_media":25262,"comment_status":"open","ping_status":"closed","template":"","meta":{"_acf_changed":false},"product_brand":[],"product_cat":[745,633],"product_tag":[],"class_list":{"0":"post-25276","1":"product","2":"type-product","3":"status-publish","4":"has-post-thumbnail","6":"product_cat-humificadores","7":"product_cat-tecnologia","9":"first","10":"instock","11":"sale","12":"taxable","13":"shipping-taxable","14":"purchasable","15":"product-type-simple"},"acf":[],"_links":{"self":[{"href":"https:\/\/tiendaflex.ec\/en\/wp-json\/wp\/v2\/product\/25276","targetHints":{"allow":["GET"]}}],"collection":[{"href":"https:\/\/tiendaflex.ec\/en\/wp-json\/wp\/v2\/product"}],"about":[{"href":"https:\/\/tiendaflex.ec\/en\/wp-json\/wp\/v2\/types\/product"}],"replies":[{"embeddable":true,"href":"https:\/\/tiendaflex.ec\/en\/wp-json\/wp\/v2\/comments?post=25276"}],"version-history":[{"count":1,"href":"https:\/\/tiendaflex.ec\/en\/wp-json\/wp\/v2\/product\/25276\/revisions"}],"predecessor-version":[{"id":25277,"href":"https:\/\/tiendaflex.ec\/en\/wp-json\/wp\/v2\/product\/25276\/revisions\/25277"}],"wp:featuredmedia":[{"embeddable":true,"href":"https:\/\/tiendaflex.ec\/en\/wp-json\/wp\/v2\/media\/25262"}],"wp:attachment":[{"href":"https:\/\/tiendaflex.ec\/en\/wp-json\/wp\/v2\/media?parent=25276"}],"wp:term":[{"taxonomy":"product_brand","embeddable":true,"href":"https:\/\/tiendaflex.ec\/en\/wp-json\/wp\/v2\/product_brand?post=25276"},{"taxonomy":"product_cat","embeddable":true,"href":"https:\/\/tiendaflex.ec\/en\/wp-json\/wp\/v2\/product_cat?post=25276"},{"taxonomy":"product_tag","embeddable":true,"href":"https:\/\/tiendaflex.ec\/en\/wp-json\/wp\/v2\/product_tag?post=25276"}],"curies":[{"name":"wp","href":"https:\/\/api.w.org\/{rel}","templated":true}]}}