{"id":25205,"date":"2025-10-04T13:28:31","date_gmt":"2025-10-04T18:28:31","guid":{"rendered":"https:\/\/tiendaflex.ec\/?post_type=product&#038;p=25205"},"modified":"2025-10-04T13:28:31","modified_gmt":"2025-10-04T18:28:31","slug":"humificador-antigravedad","status":"publish","type":"product","link":"https:\/\/tiendaflex.ec\/en\/product\/humificador-antigravedad\/","title":{"rendered":"HUMIFICADOR ANTIGRAVEDAD"},"content":{"rendered":"","protected":false},"excerpt":{"rendered":"<p>Mant\u00e9n tu espacio fresco y relajante con estilo. Este humificador con dise\u00f1o innovador combina funcionalidad y tecnolog\u00eda para tu comodidad.<\/p>\n<p>\u2714\ufe0f C\u00f3digo: 25-01-178<br \/>\n\u2714\ufe0f Capacidad del tanque: 600 ml<br \/>\n\u2714\ufe0f Reloj digital incorporado<br \/>\n\u2714\ufe0f Apagado autom\u00e1tico<br \/>\n\u2714\ufe0f Dise\u00f1o de contracorriente de gota de agua<br \/>\n\u2714\ufe0f Color: Blanco<br \/>\n\u2714\ufe0f Horas de trabajo: 8h programadas<\/p>\n<p>\ud83d\udcf2 Contacto: +593984123231<\/p>\n<p>\u2728 \u00a1Ambiente fresco y moderno con tecnolog\u00eda de punta! \u2728<\/p>","protected":false},"featured_media":25174,"comment_status":"open","ping_status":"closed","template":"","meta":{"_acf_changed":false},"product_brand":[],"product_cat":[745,633],"product_tag":[],"class_list":{"0":"post-25205","1":"product","2":"type-product","3":"status-publish","4":"has-post-thumbnail","6":"product_cat-humificadores","7":"product_cat-tecnologia","9":"first","10":"instock","11":"sale","12":"taxable","13":"shipping-taxable","14":"purchasable","15":"product-type-simple"},"acf":[],"_links":{"self":[{"href":"https:\/\/tiendaflex.ec\/en\/wp-json\/wp\/v2\/product\/25205","targetHints":{"allow":["GET"]}}],"collection":[{"href":"https:\/\/tiendaflex.ec\/en\/wp-json\/wp\/v2\/product"}],"about":[{"href":"https:\/\/tiendaflex.ec\/en\/wp-json\/wp\/v2\/types\/product"}],"replies":[{"embeddable":true,"href":"https:\/\/tiendaflex.ec\/en\/wp-json\/wp\/v2\/comments?post=25205"}],"version-history":[{"count":1,"href":"https:\/\/tiendaflex.ec\/en\/wp-json\/wp\/v2\/product\/25205\/revisions"}],"predecessor-version":[{"id":25206,"href":"https:\/\/tiendaflex.ec\/en\/wp-json\/wp\/v2\/product\/25205\/revisions\/25206"}],"wp:featuredmedia":[{"embeddable":true,"href":"https:\/\/tiendaflex.ec\/en\/wp-json\/wp\/v2\/media\/25174"}],"wp:attachment":[{"href":"https:\/\/tiendaflex.ec\/en\/wp-json\/wp\/v2\/media?parent=25205"}],"wp:term":[{"taxonomy":"product_brand","embeddable":true,"href":"https:\/\/tiendaflex.ec\/en\/wp-json\/wp\/v2\/product_brand?post=25205"},{"taxonomy":"product_cat","embeddable":true,"href":"https:\/\/tiendaflex.ec\/en\/wp-json\/wp\/v2\/product_cat?post=25205"},{"taxonomy":"product_tag","embeddable":true,"href":"https:\/\/tiendaflex.ec\/en\/wp-json\/wp\/v2\/product_tag?post=25205"}],"curies":[{"name":"wp","href":"https:\/\/api.w.org\/{rel}","templated":true}]}}