{"id":25190,"date":"2025-10-04T13:19:23","date_gmt":"2025-10-04T18:19:23","guid":{"rendered":"https:\/\/tiendaflex.ec\/?post_type=product&#038;p=25190"},"modified":"2026-01-26T12:28:19","modified_gmt":"2026-01-26T17:28:19","slug":"freidora-de-aire-silver-crest","status":"publish","type":"product","link":"https:\/\/tiendaflex.ec\/en\/product\/freidora-de-aire-silver-crest\/","title":{"rendered":"FREIDORA DE AIRE SILVER CREST"},"content":{"rendered":"","protected":false},"excerpt":{"rendered":"<p>Disfruta de comidas m\u00e1s saludables y deliciosas con esta freidora de aire de alta potencia y f\u00e1cil manejo. Ideal para toda la familia.<\/p>\n<p>\u2714\ufe0f C\u00f3digo: 27-02-015<br \/>\n\u2714\ufe0f Pantalla t\u00e1ctil LCD<br \/>\n\u2714\ufe0f Capacidad: 4 litros<br \/>\n\u2714\ufe0f Voltaje: 110V<br \/>\n\u2714\ufe0f Potencia: 1400 W<br \/>\n\u2714\ufe0f Colores disponibles: verde oscuro, verde claro y rosado<\/p>\n<p>\ud83d\udcf2 Contacto: +593984123231<\/p>\n<p>\u2728 \u00a1Cocina r\u00e1pido, f\u00e1cil y saludable todos los d\u00edas! \u2728<\/p>","protected":false},"featured_media":25167,"comment_status":"open","ping_status":"closed","template":"","meta":{"_acf_changed":false},"product_brand":[],"product_cat":[549,560],"product_tag":[],"class_list":{"0":"post-25190","1":"product","2":"type-product","3":"status-publish","4":"has-post-thumbnail","6":"product_cat-electrodomesticos","7":"product_cat-freidoras-de-aire","9":"first","10":"outofstock","11":"sale","12":"taxable","13":"shipping-taxable","14":"purchasable","15":"product-type-simple"},"acf":[],"_links":{"self":[{"href":"https:\/\/tiendaflex.ec\/en\/wp-json\/wp\/v2\/product\/25190","targetHints":{"allow":["GET"]}}],"collection":[{"href":"https:\/\/tiendaflex.ec\/en\/wp-json\/wp\/v2\/product"}],"about":[{"href":"https:\/\/tiendaflex.ec\/en\/wp-json\/wp\/v2\/types\/product"}],"replies":[{"embeddable":true,"href":"https:\/\/tiendaflex.ec\/en\/wp-json\/wp\/v2\/comments?post=25190"}],"version-history":[{"count":1,"href":"https:\/\/tiendaflex.ec\/en\/wp-json\/wp\/v2\/product\/25190\/revisions"}],"predecessor-version":[{"id":25191,"href":"https:\/\/tiendaflex.ec\/en\/wp-json\/wp\/v2\/product\/25190\/revisions\/25191"}],"wp:featuredmedia":[{"embeddable":true,"href":"https:\/\/tiendaflex.ec\/en\/wp-json\/wp\/v2\/media\/25167"}],"wp:attachment":[{"href":"https:\/\/tiendaflex.ec\/en\/wp-json\/wp\/v2\/media?parent=25190"}],"wp:term":[{"taxonomy":"product_brand","embeddable":true,"href":"https:\/\/tiendaflex.ec\/en\/wp-json\/wp\/v2\/product_brand?post=25190"},{"taxonomy":"product_cat","embeddable":true,"href":"https:\/\/tiendaflex.ec\/en\/wp-json\/wp\/v2\/product_cat?post=25190"},{"taxonomy":"product_tag","embeddable":true,"href":"https:\/\/tiendaflex.ec\/en\/wp-json\/wp\/v2\/product_tag?post=25190"}],"curies":[{"name":"wp","href":"https:\/\/api.w.org\/{rel}","templated":true}]}}